{"id":11703,"date":"2017-12-28T23:31:48","date_gmt":"2017-12-28T22:31:48","guid":{"rendered":"http:\/\/karmel.hr\/?page_id=11703"},"modified":"2017-12-28T23:33:50","modified_gmt":"2017-12-28T22:33:50","slug":"molitvena-osmina-za-jedinstvo-krscana-2018","status":"publish","type":"page","link":"https:\/\/karmel.hr\/?page_id=11703","title":{"rendered":"Molitvena osmina za jedinstvo kr\u0161\u0107ana 2018."},"content":{"rendered":"<h2><a href=\"https:\/\/karmel.hr\/wp-content\/uploads\/2017\/12\/MOLITVENA-OSMINA-ZA-JEDINSTVO-KR\u0160\u0106ANA-2018-TISKANI-PRIRU\u010cNIK.pdf\">MOLITVENA OSMINA ZA JEDINSTVO KR\u0160\u0106ANA 2018 &#8211; TISKANI PRIRU\u010cNIK.pdf<\/a><\/h2>\n<h2><a href=\"https:\/\/karmel.hr\/wp-content\/uploads\/2017\/12\/Molitvena-osmina-za-jedinstvo-kr\u0161\u0107ana-2018-A4.docx\">Molitvena osmina za jedinstvo kr\u0161\u0107ana 2018-A4.docx<\/a><\/h2>\n<p><img loading=\"lazy\" decoding=\"async\" class=\"alignnone size-full wp-image-11706\" src=\"https:\/\/karmel.hr\/wp-content\/uploads\/2017\/12\/NASLOVNA-STRANICA-OSMINE.png\" alt=\"\" width=\"513\" height=\"774\" srcset=\"https:\/\/karmel.hr\/wp-content\/uploads\/2017\/12\/NASLOVNA-STRANICA-OSMINE.png 513w, https:\/\/karmel.hr\/wp-content\/uploads\/2017\/12\/NASLOVNA-STRANICA-OSMINE-199x300.png 199w\" sizes=\"auto, (max-width: 513px) 100vw, 513px\" \/><\/p>\n","protected":false},"excerpt":{"rendered":"<p>MOLITVENA OSMINA ZA JEDINSTVO KR\u0160\u0106ANA 2018 &#8211; TISKANI PRIRU\u010cNIK.pdf Molitvena osmina za jedinstvo kr\u0161\u0107ana 2018-A4.docx<\/p>\n","protected":false},"author":1,"featured_media":0,"parent":0,"menu_order":0,"comment_status":"closed","ping_status":"closed","template":"","meta":{"footnotes":""},"class_list":["post-11703","page","type-page","status-publish","hentry"],"jetpack_sharing_enabled":true,"jetpack-related-posts":[],"_links":{"self":[{"href":"https:\/\/karmel.hr\/index.php?rest_route=\/wp\/v2\/pages\/11703","targetHints":{"allow":["GET"]}}],"collection":[{"href":"https:\/\/karmel.hr\/index.php?rest_route=\/wp\/v2\/pages"}],"about":[{"href":"https:\/\/karmel.hr\/index.php?rest_route=\/wp\/v2\/types\/page"}],"author":[{"embeddable":true,"href":"https:\/\/karmel.hr\/index.php?rest_route=\/wp\/v2\/users\/1"}],"replies":[{"embeddable":true,"href":"https:\/\/karmel.hr\/index.php?rest_route=%2Fwp%2Fv2%2Fcomments&post=11703"}],"version-history":[{"count":1,"href":"https:\/\/karmel.hr\/index.php?rest_route=\/wp\/v2\/pages\/11703\/revisions"}],"predecessor-version":[{"id":11707,"href":"https:\/\/karmel.hr\/index.php?rest_route=\/wp\/v2\/pages\/11703\/revisions\/11707"}],"wp:attachment":[{"href":"https:\/\/karmel.hr\/index.php?rest_route=%2Fwp%2Fv2%2Fmedia&parent=11703"}],"curies":[{"name":"wp","href":"https:\/\/api.w.org\/{rel}","templated":true}]}}