{"id":1292,"date":"2015-01-26T10:21:13","date_gmt":"2015-01-26T10:21:13","guid":{"rendered":"http:\/\/karmel.hr\/?page_id=1292"},"modified":"2017-03-12T13:41:39","modified_gmt":"2017-03-12T13:41:39","slug":"devetnica-gospi-od-karmela","status":"publish","type":"page","link":"https:\/\/karmel.hr\/?page_id=1292","title":{"rendered":"Devetnica Gospi od Karmela"},"content":{"rendered":"<p>(Prema devet antifona starog \u010dasoslova karmelskog Reda sastavila s. Marija Baptista, OCD iz Karmela u Kolnu)<\/p>\n<p><b>Pripravna molitva<\/b><\/p>\n<p><strong>R<\/strong>. O. Marijo, slavna Kraljice i uresu Karmelske Gore, s dubokim po\u0161tovanjem i s velikom rado\u0161\u0107u dolazimo danas preda Te da Te pozdravimo i proslavimo. Gospodin Te je odjenuo ljepotom vi\u0161e od svih An\u0111ela i svetaca, ali Ti je stavio u srce i veliku maj\u010dinsku ljubav za nas Tvoju djecu. Stoga pouzdano dolazimo k Tebi, koja si nam u svetom \u0161kapularu dala znak svoje za\u0161tite.<\/p>\n<ol>\n<li><strong> O<\/strong>. Primi milostivo na\u0161e djetinje \u0161tovanje i na\u0161e molbe.<\/li>\n<li><strong> R<\/strong>. Daj nam od punine svoje milosti i vodi nas k Isusu, svome Bo\u017eanskom Sinu, koji s Ocem i s Duhom Svetim \u017eivi i kraljuje u vijeke vjekova.<\/li>\n<li><strong> O<\/strong>. Amen.<\/li>\n<\/ol>\n<h5><span style=\"color: #993300;\"><b>Prvi dan<\/b><\/span><\/h5>\n<p><strong>R<\/strong>. Veli\u010danstvo Tvoje uzvi\u0161eno je nad nebesa.<\/p>\n<ol>\n<li><strong> O<\/strong>. O Marijo, Majko milosti.<\/li>\n<li><strong> R<\/strong>. Od vijeka bila je u Bo\u017ejim mislima Tvoja divna slika, o Marijo, i o\u010darala ga vi\u0161e od nebeske ljepote bla\u017eenih duhova i od ljepote milosti svih stvorova. Neko\u0107 Te je an\u0111eo pozdravio: &#8220;Zdravo Milosti puna!&#8221;<\/li>\n<li><strong> O<\/strong>. Tako Te pozdravljamo i mi, Majko milosti. Tvoj sjaj ispunja nebo i zemlju.<\/li>\n<li><strong> R<\/strong>. Evo, s pro\u0161njama dolazimo k Tebi. Pomozi nam, da sa\u010duvamo dragocjeno blago, \u0161to smo ga primili u svetom kr\u0161tenju: posvetnu milost, koja nas \u010dini ugodnima Bogu. Pomozi nam da do\u0111emo u vje\u010dnu slavu odjeveni ovim odijelom spasenja, oboga\u0107eni velikom vjerom, jakim ufanjem i \u017earkom ljubavlju. Majko, bdij nad nama, i ne dopusti da nam itko otme na\u0161u krunu. Jer vremena su tamna, a opasnosti je mnogo. Bura tjeskobe ho\u0107e nam ugasiti svjetlo vjere i ufanja, ne vidimo vi\u0161e pravi put k Bogu. A gdje vlada mr\u017enja, ljubav umire. Marijo, Ti si Karmelske Gore ures i kras.<\/li>\n<li><strong> O<\/strong>. Po svetom \u0161kapularu brani sve nas.<\/li>\n<\/ol>\n<p>Zdravo Marijo\u2026Slava Ocu\u2026<\/p>\n<p><strong>Svi<\/strong>: Zdravo, Kraljice Majko milosr\u0111a, \u017eivote, slasti i ufanje na\u0161e, zdravo! K Tebi vapijemo prognani sinovi Evini, k Tebi uzdi\u0161emo tuguju\u0107i i pla\u010du\u0107i u ovoj suznoj dolini. Svrni dakle, odvjetnice na\u0161a, one svoje milostive o\u010di na nas, te nam poslije ovoga progona poka\u017ei Isusa, blagoslovljeni plod utrobe svoje! O blaga, o mila, o slatka Djevice Marijo!<\/p>\n<ol>\n<li><strong> R<\/strong>. Moli za nas, sveta Bogorodice.<\/li>\n<li><strong> O<\/strong>. Da dostojni postanemo obe\u0107anja Kristovih.<\/li>\n<li><strong> R<\/strong>. Pomolimo se. Neka vazda raste u nama, Gospodine, osje\u0107aj svete pobo\u017enosti, da Ti budemo preporu\u010deni po zaslugama i po zagovoru prebla\u017eene Djevice Marije koje sve\u010dani spomen u ljubavi pretje\u010demo. Po Kristu, Gospodinu na\u0161em.<\/li>\n<li><strong> O<\/strong>. Amen.<\/li>\n<\/ol>\n<h5><span style=\"color: #993300;\"><b>Drugi dan<\/b><\/span><\/h5>\n<p><strong>R<\/strong>. &#8220;Na visokoj gori postavio je \u0161ator svoj.<\/p>\n<ol>\n<li><strong> O<\/strong>. I na toj gori bit \u0107emo spa\u0161eni.&#8221;<\/li>\n<li><strong> R<\/strong>. O Marijo, sje\u0107amo te na ovaj bla\u017eeni \u010das, kad su Ti an\u0111eoska usta navijestila \u010dudo Utjelovljenja. Vje\u010dna Rije\u010d, koja je u svom smilovanju si\u0161la k nama, mogla je stanovati samo u bezgre\u0161nom \u0161atoru. Ti si taj \u0161ator, \u0161to ga je On posvetio, Ti si gora, koja nosi onoga, koji lije\u010di sve na\u0161e slabosti.<\/li>\n<li><strong> O<\/strong>. Zato dolazimo k Tebi, Majko milosr\u0111a.<\/li>\n<li><strong> R<\/strong>. &#8220;Do\u0111ite k meni svi, koji \u017eudite za mnom i nasitite se plodovima mojim! Na mene misliti sla\u0111e je od meda. Mene posjedovati sla\u0111e je od mednoga sa\u0107a.&#8221; (Sir 24, 19-20)<\/li>\n<li><strong> O<\/strong>. U tebi je sve milje \u017eivota, u tebi je sve ufanje i kreposti.<\/li>\n<li><strong> R<\/strong>. O predobrostiva Djevice, daruj nam Otkupiteljeve milosti, da budemo dostojan stan Tvojemu Sinu. Daruj ih \u010ditavom svijetu, da bude pro\u017eet duhom Tvojega Sina. Marijo, Ti si Karmelske Gore ures i kras.<\/li>\n<li><strong> O<\/strong>. Po svetom svom \u0161kapularu brani sve nas.<\/li>\n<\/ol>\n<p>Zdravo Marijo\u2026Slava Ocu\u2026<em>Svr\u0161etak kao prvi dan.<\/em><\/p>\n<h5><span style=\"color: #993300;\"><b>Tre\u0107i dan<\/b><\/span><\/h5>\n<p><strong>R<\/strong>. &#8220;Tko \u0107e uzi\u0107i na Goru Gospodnju, ili tko \u0107e stajati na svetome mjestu Njegovu?<\/p>\n<ol>\n<li><strong> O<\/strong>. Onaj, koji je nevinih ruku i \u010dista srca.&#8221;<\/li>\n<li><strong> R<\/strong>. O Marijo, bez grijeha za\u010deta, snje\u017eni obla\u010di\u0107u, koja si se iz mora gre\u0161noga \u010dovje\u010danstva visoko uzdigla nad vrhuncem Karmela. Ti si omiljela Bogu u svojoj neokaljanoj \u010disto\u0107i kojom je uresio jedino Tebe.<\/li>\n<li><strong> O<\/strong>. O Marijo, pogledaj na\u0161u bijedu.<\/li>\n<li><strong> R<\/strong>. Kao \u0161to u Kristu imamo posrednika kod Oca, tako si ti na\u0161a posrednica kod svoga Bo\u017eanskog Sina.<\/li>\n<li><strong> O<\/strong>. Jer Ti si Majka lijepe ljubavi, straha, znanja i svetoga ufanja.<\/li>\n<li><strong> R<\/strong>. &#8220;Koji mene slu\u0161a, ne\u0107e se postidjeti i tko sa mnom radi, taj ne grije\u0161i.&#8221;<\/li>\n<li><strong> O<\/strong>. Divna Majko, pomozi nam, da kao Tvoja vjerna djeca slu\u0161amo tvoj glas, da Te slijedimo vr\u0161e\u0107i radosno Bo\u017eje zapovijedi, da \u010dista srca do\u0111emo k Njemu, koji je Tebe tako divno uresio i po tebi nam iskazao milosr\u0111e.<\/li>\n<\/ol>\n<p>Marijo, Ti si Karmelske Gore ures i kras.<\/p>\n<ol>\n<li><strong> O<\/strong>. Po svom svetom \u0161kapularu brani sve nas.<\/li>\n<\/ol>\n<p>Zdravo Marijo\u2026Slava Ocu\u2026<em>Svr\u0161etak kao prvi dan.<\/em><\/p>\n<h5><span style=\"color: #993300;\"><b>\u010cetvrti dan<\/b><\/span><\/h5>\n<p><strong>R<\/strong>. Zdesna ti je kraljica!<\/p>\n<ol>\n<li><strong> O<\/strong>. U zlatnoj odje\u0107i, odjevena krasotom.<\/li>\n<li><strong> R<\/strong>. O Marijo, Kraljice i uresu Karmela! Radosno Ti prinosimo na\u0161 poklon. Zaista, &#8220;Velike Ti je stvari u\u010dinio Gospodin, \u010dije je Ime sveto, \u010dije je milosr\u0111e od koljena do koljena.&#8221;<\/li>\n<li><strong> O<\/strong>. Kliktat \u0107u u Gospodinu. Du\u0161a se moja raduje u Bogu mojemu.<\/li>\n<li><strong> R<\/strong>. Jer me je obukao u haljinu spasenja, ogrnuo me je pla\u0161tem pravednosti kao zaru\u010dnicu, koja na sebe stavlja svoj ures. (Iz 61,10)<\/li>\n<li><strong> O<\/strong>. Kraljevska Djevice, mi \u017eelimo uistinu biti Tvoja djeca. Pomozi nam, da nikada ne zaboravimo da smo po milosti posinjenja Bo\u017ejega kraljevski rod. Opominji nas da sjaj toga kraljevskoga dostojanstva ne bi izblijedio u tamna i tjeskobna vremena nevjere, nego da nam je upravo onda sveta du\u017enost, \u010duvati ga pred Bogom i pred ljudima.<\/li>\n<li><strong> O<\/strong>. &#8220;Blagoslovljen Bog koji nas prema odluci svoje volje, u ljubavi predodredi sebi za sinove, po Isusu Kristu\u2026na hvalu slave svoje milosti.&#8221; (Ef 1,3-6)<\/li>\n<li><strong> R<\/strong>. Ti, na\u0161a Majko i Kraljice, u\u010di nas, da rije\u010dju i djelom \u010duvamo uzvi\u0161eno dostojanstvo milosti posinjenja Bo\u017ejega, koje nam daje udjela u Bo\u017ejem \u017eivotu i Bo\u017ejem bogatstvu. Sve nas ogrni pla\u0161tem ljubavi i \u010duvaj nam kraljevski ures milosti.<\/li>\n<\/ol>\n<p>Marijo, Ti si Karmelske Gore ures i kras.<\/p>\n<ol>\n<li><strong> O<\/strong>. Po svom svetom \u0161kapularu brani sve nas.<\/li>\n<\/ol>\n<p>Zdravo Marijo\u2026Slava Ocu\u2026<em>Svr\u0161etak kao prvi dan.<\/em><\/p>\n<h5><span style=\"color: #993300;\"><b>Peti dan<\/b><\/span><\/h5>\n<p><strong>R<\/strong>. Velik je Gospodin i svake hvale dostojan.<\/p>\n<ol>\n<li><strong> O<\/strong>. U gradu Boga na\u0161ega, na Svetoj Gori svojoj.<\/li>\n<li><strong> R<\/strong>. Divan je Bog u svojim svecima, u njima se o\u010dituje njegova veli\u010dina. Ali u tebi, sveta Bogorodice, Djevice i Majko Marijo, zasjala je njegova slava divnije nego u kojem stvorenju, ti si \u010distija i ljep\u0161a od serafa.<\/li>\n<li><strong> O<\/strong>. &#8220;Do\u0111ite svi, koji se bojite Boga, slu\u0161ajte, pripovjedit \u0107u, \u0161to je u\u010dinio du\u0161i mojoj&#8221;. (Ps 65,16)<\/li>\n<li><strong> R<\/strong>. U svojoj divnoj poniznosti, o Marijo, znala si, da nisi samo Gospodnja slu\u017ebenica, nego i odabrana me\u0111u svima, koju \u0107e nazivati bla\u017eenom svi nara\u0161taji. Stoga u vijeke pjeva\u0161 svoj radosni:<\/li>\n<li><strong> O<\/strong>. Veli\u010da du\u0161a moja Gospodina i klik\u0107e duh moj u Bogu, Spasitelju mojemu.<\/li>\n<li><strong> R<\/strong>. Divna Majko, u\u010di nas da se u poniznosti divimo veli\u010dajnim djelima Bo\u017ejim i u na\u0161em \u017eivotu i da ih zahvalno slavimo.<\/li>\n<li><strong> O<\/strong>. Neka hvala Bo\u017eja bude uvijek u na\u0161em srcu i u na\u0161im ustima.<\/li>\n<li><strong> R<\/strong>. Pomozi nam, da tako prolazimo ovim \u017eivotom, da uzmognemo uvijek pjevati o milosr\u0111u Gospodnjem.<\/li>\n<\/ol>\n<p>Marijo, Ti si Karmelske Gore ures i kras.<\/p>\n<ol>\n<li><strong> O<\/strong>. Po svetom svom \u0161kapularu brani sve nas.<\/li>\n<\/ol>\n<p>Zdravo Marijo\u2026Slava Ocu\u2026<em>Svr\u0161etak kao prvi dan.<\/em><\/p>\n<h5><span style=\"color: #993300;\"><b>\u0160esti dan<\/b><\/span><\/h5>\n<p><strong>R<\/strong>. &#8220;Slavno se o Tebi govori, grade Bo\u017eji,<\/p>\n<ol>\n<li><strong> O<\/strong>. Svjetlo te je ogrnulo poput haljine.<\/li>\n<li><strong> R<\/strong>. Kraljice Karmela, presveta Djevice Marijo, ti si grad Bo\u017eji, ti si hram njegove slave: &#8220;Mudrost je sazidala sebi ku\u0107u, i otesala sedam stupova.&#8221; (Iz 9,1)<\/li>\n<li><strong> O<\/strong>. &#8220;Gospodin ljubi grad \u0161to ga je utemeljio na svetim gorama.&#8221;<\/li>\n<li><strong> R<\/strong>. Vrata sionska ljubi vi\u0161e nego \u0161atore Jakovljeve. (Ps 86,1-2) Njegova Te je ljubav uzdigla, zaogrnula te svjetlom slave kao svadbenim ruhom. &#8220;Tko je ona, \u0161to izlazi kao zora?&#8221;<\/li>\n<li><strong> O<\/strong>. Lijepa kao mjesec, sjajna kao sunce, stra\u0161na kao vojska na boj spremna,&#8221; (Pj 6,10)<\/li>\n<li><strong> R<\/strong>. Ti, Majko na\u0161a, jaka \u017deno, Pobjednice u boju, brani nas, kada zlobni neprijatelj ho\u0107e poru\u0161iti sveti\u0161te na\u0161ih du\u0161a i ugasiti u nama svjetlost i ljubav Duha Svetoga. O preljubazna Djevice, poka\u017ei nam znak svoje dobrote, koji \u0107e nas \u010duvati kao sveti grad Bogu na\u0161emu.<\/li>\n<\/ol>\n<p>Marijo, Ti si Karmelske Gore ures i kras.<\/p>\n<ol>\n<li><strong> O<\/strong>. Po svetom svom \u0161kapularu brani sve nas.<\/li>\n<\/ol>\n<p>Zdravo Marijo\u2026Slava Ocu\u2026<em>Svr\u0161etak kao prvi dan.<\/em><\/p>\n<h5><span style=\"color: #993300;\"><b>Sedmi dan<\/b><\/span><\/h5>\n<p><strong>R<\/strong>. O sveta goro, koju je Gospodin izabrao sebi za stanovanje.<\/p>\n<ol>\n<li><strong> O<\/strong>. Na njoj ho\u0107e uvijek stolovati. (7 ant. u Jutr.)<\/li>\n<li><strong> R<\/strong>. &#8220;Zdravo, plodna i sjenovita Bo\u017eja planino, o Marijo, sveta Bogorodice. Na tebi je othranjen Bo\u017eji Jaganjac, koji odnosi na\u0161e grijehe i slabosti.&#8221; (Sveti German). Kri\u017e te je uronio u more boli, Majko boli, sedam puta probodena, na tvojem krilu stoluje Jaganjac, koji je iskrvario za na\u0161e spasenje.<\/li>\n<li><strong> O<\/strong>. Zdravo, sveto Bo\u017eje prijestolje,<\/li>\n<li><strong> R<\/strong>. Evo nas na koljenima pred Tobom, o pre\u017ealosna Majko! U naru\u010dju dr\u017ei\u0161 Sina skinuta s kri\u017ea. &#8220;O, vi svi, koji prolazite putem, gledajte i vidite.<\/li>\n<li><strong> O<\/strong>. Ima li boli, kao \u0161to je moja bol.&#8221;<\/li>\n<li><strong> R<\/strong>. Nema mjere za bol onih, koji oplakuju svoje mile, ali je neizmjerna tvoja bol, Djevice Majko. Pred veli\u010dinom tvoje boli gubi se svaka druga bol i tjeskoba du\u0161e. Sve na\u0161e boli ti si nama nosila za sve nas.<\/li>\n<li><strong> O<\/strong>. U tvoje materinsko srce od boli probodeno, mi se utje\u010demo. Daj nam jakosti i utjehe da mo\u017eemo nositi sve \u0161to ho\u0107e Bog.<\/li>\n<li><strong> R<\/strong>. Udijeli nam savjet i mudrost u tjeskobi i snagu svoje utjehe u \u017eivotu i na smrti.<\/li>\n<\/ol>\n<p>Marijo, Ti si Karmelske Gore ures i kras.<\/p>\n<ol>\n<li><strong> O<\/strong>. Po svetom svom \u0161kapularu brani sve nas.<\/li>\n<\/ol>\n<p>Zdravo Marijo\u2026Slava Ocu\u2026<em>Svr\u0161etak kao prvi dan.<\/em><\/p>\n<h5><span style=\"color: #993300;\"><b>Osmi dan<\/b><\/span><\/h5>\n<p><strong>R<\/strong>. &#8220;Divna je ba\u0161tina moja.<\/p>\n<ol>\n<li><strong> O<\/strong>. Ba\u0161tina je moja sla\u0111a od meda i sa\u0107a.&#8221;<\/li>\n<li><strong> R<\/strong>. &#8220;Iz usta Svevi\u0161njega iza\u0111oh i kao oblak pokrih zemlju.&#8221; (Sir 24,3) &#8220;Gospodin me stvori u po\u010detku stvaranja svojega, kao prvo od svojih djela.&#8221;<\/li>\n<li><strong> O<\/strong>. Bila sam stvorena prije vjekova, prije po\u010detka, prije postanka svijeta. (Izr 8,22-23)<\/li>\n<li><strong> R<\/strong>. &#8220;O divnoga \u010duda na nebu! \u017dena zaogrnuta suncem, na svojim rukama nosi svjetlo. O divnoga \u010duda na nebu! U lo\u017enici Djevi\u010dinoj sakriva se Sin Bo\u017eji!&#8221; (Sv. Epifanij).<\/li>\n<li><strong> O<\/strong>. O Marijo, zaista, divan je Tvoj dio i slatka je tvoja ba\u0161tina.<\/li>\n<li><strong> R<\/strong>. Ali Bog je i nas milostivo primio, i On sam je na\u0161a ba\u0161tina u vijeke. Ispru\u017ei nad nama svoju ruku i ne daj da radi zemaljske tri\u010dave ta\u0161tine proigramo neprolazna dobra. Ti, na\u0161a dobrostiva Majko, poznaje\u0161 na\u0161u slabost i nestalnost. Ti zna\u0161, koliko trebamo Tvoje pomo\u0107i.<\/li>\n<\/ol>\n<p>Marijo, Ti si Karmelske Gore ures i kras.<\/p>\n<ol>\n<li><strong> O<\/strong>. Po svetom svom \u0161kapularu brani sve nas.<\/li>\n<\/ol>\n<p>Zdravo Marijo\u2026Slava Ocu\u2026<em>Svr\u0161etak kao prvi dan.<\/em><\/p>\n<h5><span style=\"color: #993300;\"><b>Deveti dan<\/b><\/span><\/h5>\n<p><strong>R<\/strong>. &#8220;Pokrio je goru oblak i slava Gospodnja po\u010divala je nad njim.<\/p>\n<ol>\n<li><strong> O<\/strong>. Dotaknut \u0107u ga se u oblaku.&#8221;<\/li>\n<li><strong> R<\/strong>. O Marijo, ti si obla\u010di\u0107 pun Gospodnje slave. Ti si za nas oblak pun milosti, koji nas rosom krijepi i ja\u010da. Ti si tajanstveni oblak koji da\u017edi na zemlju. Pravednika, u \u010dijoj snazi prolazimo pustinjom \u017eivota sve do gore Gospodnje.<\/li>\n<li><strong> O<\/strong>. &#8220;Ti, Gospodine, stanuje\u0161 usred puka svojega i tvoj oblak stoji nad njim.&#8221; (Br 14,14.)<\/li>\n<li><strong> R<\/strong>. O Marijo, dolazimo k tebi, jer po tebi Gospodin se nas dotaknuo svojim milostima, i po tebi nam je darovao spasenje. Ti si Majka Kristova, a mi smo udovi njegova otajstvenoga tijela. Zato si ti na\u0161a Majka. Umno\u017ei nam vjeru, u\u010dvrsti ufanje, pomozi nam da poka\u017eemo svoju ljubav vr\u0161e\u0107i njegovu svetu volju,<\/li>\n<li><strong> O<\/strong>. Mi se danas posve predajemo tebi, o Marijo, koja si prepuna milosti.<\/li>\n<li><strong> R<\/strong>. Primi nas, \u010duvaj nas, vladaj nad nama, da po tebi potpuno pripadamo Bogu.<\/li>\n<\/ol>\n<p>Marijo, Ti si Karmelske Gore ures i kras.<\/p>\n<ol>\n<li><strong> O<\/strong>. Po svetom svom \u0161kapularu brani sve nas.<\/li>\n<\/ol>\n<p>Zdravo Marijo\u2026Slava Ocu\u2026<em>Svr\u0161etak kao prvi dan.<\/em><\/p>\n","protected":false},"excerpt":{"rendered":"<p>(Prema devet antifona starog \u010dasoslova karmelskog Reda sastavila s. Marija Baptista, OCD iz Karmela u Kolnu) Pripravna molitva R. O. Marijo, slavna Kraljice i uresu Karmelske Gore, s dubokim po\u0161tovanjem i s velikom rado\u0161\u0107u dolazimo danas preda Te da Te pozdravimo i proslavimo. Gospodin Te je odjenuo ljepotom vi\u0161e od svih An\u0111ela i svetaca, ali &hellip; <a href=\"https:\/\/karmel.hr\/?page_id=1292\" class=\"more-link\">Nastavi \u010ditati <span class=\"screen-reader-text\">Devetnica Gospi od Karmela<\/span> <span class=\"meta-nav\">&rarr;<\/span><\/a><\/p>\n","protected":false},"author":1,"featured_media":1294,"parent":1194,"menu_order":0,"comment_status":"open","ping_status":"open","template":"","meta":{"footnotes":""},"class_list":["post-1292","page","type-page","status-publish","has-post-thumbnail","hentry"],"jetpack_sharing_enabled":true,"jetpack-related-posts":[],"_links":{"self":[{"href":"https:\/\/karmel.hr\/index.php?rest_route=\/wp\/v2\/pages\/1292","targetHints":{"allow":["GET"]}}],"collection":[{"href":"https:\/\/karmel.hr\/index.php?rest_route=\/wp\/v2\/pages"}],"about":[{"href":"https:\/\/karmel.hr\/index.php?rest_route=\/wp\/v2\/types\/page"}],"author":[{"embeddable":true,"href":"https:\/\/karmel.hr\/index.php?rest_route=\/wp\/v2\/users\/1"}],"replies":[{"embeddable":true,"href":"https:\/\/karmel.hr\/index.php?rest_route=%2Fwp%2Fv2%2Fcomments&post=1292"}],"version-history":[{"count":2,"href":"https:\/\/karmel.hr\/index.php?rest_route=\/wp\/v2\/pages\/1292\/revisions"}],"predecessor-version":[{"id":1295,"href":"https:\/\/karmel.hr\/index.php?rest_route=\/wp\/v2\/pages\/1292\/revisions\/1295"}],"up":[{"embeddable":true,"href":"https:\/\/karmel.hr\/index.php?rest_route=\/wp\/v2\/pages\/1194"}],"wp:featuredmedia":[{"embeddable":true,"href":"https:\/\/karmel.hr\/index.php?rest_route=\/wp\/v2\/media\/1294"}],"wp:attachment":[{"href":"https:\/\/karmel.hr\/index.php?rest_route=%2Fwp%2Fv2%2Fmedia&parent=1292"}],"curies":[{"name":"wp","href":"https:\/\/api.w.org\/{rel}","templated":true}]}}