{"id":1340,"date":"2015-01-27T10:20:05","date_gmt":"2015-01-27T10:20:05","guid":{"rendered":"http:\/\/karmel.hr\/?page_id=1340"},"modified":"2018-07-07T16:25:32","modified_gmt":"2018-07-07T14:25:32","slug":"15-minuta-s-isusom","status":"publish","type":"page","link":"https:\/\/karmel.hr\/?page_id=1340","title":{"rendered":"15 minuta s Isusom"},"content":{"rendered":"<p><strong>Glas Isusov:<\/strong><\/p>\n<p>Nije potrebno, dijete drago, znati mnogo da me se obraduje. Dovoljno je imati vjeru i voljeti me sa \u017earom. Ako me \u017eeli\u0161 jo\u0161 vi\u0161e obradovati, povjeri mi se vi\u0161e; ako me \u017eeli\u0161 neizmjerno obradovati, povjeri mi se neizmjerno. Pri\u010daj mi kao \u0161to bi pri\u010dao sa svojim najbli\u017eim prijateljem, kao \u0161to bi pri\u010dao sa svojom majkom ili bratom.<br \/>\n<strong><br \/>\n\u017deli\u0161 li me zamoliti u ime drugoga?<\/strong><\/p>\n<p>Reci mi svoje ime ili ime svojih roditelja, svoje bra\u0107e ili prijatelja, ili neke druge drage osobe.. Reci mi odmah \u0161to \u017eeli\u0161 da sada u\u010dinim za njih. Obe\u0107ao sam : <strong>&#8220;Tra\u017eite i bit \u0107e vam dano; Tko tra\u017ei, dobiva.&#8221;<\/strong>Tra\u017ei mnogo, mnogo. ne okljevaj s tra\u017eenjem. No, tra\u017ei s vjerom, jer ja sam dao svoju rije\u010d:<strong> &#8220;Da imate vjere koliko zrno goru\u0161ice, mogli biste re\u0107i brdu &#8211; Podigni se i baci se u more &#8211; i ono bi vas poslu\u0161alo. Sve ono \u0161to tra\u017eite u molitvi, vjerujte da \u0107ete i dobiti te \u0107e vam biti dopu\u0161teno.&#8221;<\/strong><\/p>\n<p>Svi\u0111aju mi se dare\u017eljiva srca koja su u odre\u0111enim trenutcima sposobna zaboraviti sebe sama, da bi mislili na potrebe drugih. tako to u\u010dini moja Majka u Kani za zaru\u010dnike kada na svadbenoj sve\u010danosti ponestade vina. Zatra\u017ei me \u010dudo i dobije ga. Tako u\u010dini i ona \u017eena kanska koja zatra\u017ei od mene da joj oslobodim k\u0107er od vraga, te dobije tu posebnu milost.<\/p>\n<p>Pri\u010daj mi onda jednostavno o siroma\u0161nima, o onome koga \u017eeli\u0161 utje\u0161iti, o bolesnima koje vidi\u0161 kako pate, o zabludjelima koje \u017eeli\u0161 vratiti na pravi put, o prijateljima koji su se udaljili i koje bi jo\u0161 uvijek \u017eelio vidjeti pored sebe, o razjedinjenim brakovima, kojima \u017eeli\u0161 mir.<\/p>\n<p>Sjeti se kako me Marta i Marija moljahu za brata Lazara i dobi\u0161e njegovo uskrsnu\u0107e. Sjeti se svete Monike koja, nakon \u0161to me je trideset godina molila za obra\u0107enje sina, velikog gre\u0161nika, dobije njegovo obra\u0107enje, a on postade veliki Svete Augustin. Ne zaboravi Tobiju i njegovu \u017eenu koji u svojim molitvama posla\u0161e arkan\u0111ela Rafaela da \u010duva njihova sina na putu, oslobodiv\u0161i ga tako svih opasnosti i demona da bi se vratio bogat i sretan me\u0111u svoje bli\u017enje.<\/p>\n<p>Reci mi samo jednu rije\u010d za mnoge osobe, ali rije\u010d prijatelja, rije\u010d srca i \u017eara. Podsjeti me da sam obe\u0107ao: &#8220;Sve je mogu\u0107e za onoga koji vjeruje. Otac va\u0161 koji je na nebesima, podarit \u0107e dobrotu onima koji je budu tra\u017eili! Sve \u0161to zatra\u017eite od Oca u moje ime, bit \u0107e vam dano.&#8221;<\/p>\n<p><strong>Treba\u0161 li i za sebe malo milosti?<\/strong><\/p>\n<p>Ako \u017eeli\u0161, napravi mi popis svojih potreba i do\u0111i mi ih pro\u010ditati; sjeti se slu\u010daja mojeg sluge Salomona, tra\u017ei\u0161e me mudrost i dobije ju u izobilju. Ne zaboravi Juditu koja pokorno zamoli za veliku hrabrost i dobije je. Sjeti se Jakova koji me tra\u017ei\u0161e blagostanje (obe\u0107avaju\u0107i mi da \u0107e desetinu svojeg imetka dati u dobrotvorne svrhe) i bija\u0161e mu dano mnogo, velikodu\u0161no, sve ono \u0161to \u017eelja\u0161e i jo\u0161 vi\u0161e. Sara me molja\u0161e i ja odstranih demona koji je bija\u0161e mu\u010dio.<\/p>\n<p>Magdalena molja\u0161e s vjerom i ja je oslobodih ru\u017enih navika. Zakej se molitvom oslobodi \u0161kodljive privr\u017eenosti novcu i pretvori se u velikodu\u0161nu osobu. A ti&#8230;\u0161to \u017eeli\u0161 da ti ustupim?<\/p>\n<p>Reci mi iskreno jesi li gord, voli\u0161 li putenost i lijenost? Jesi li sebi\u010dan ili varljiv? Zanemaruje\u0161 i svoje obveze? Sudi\u0161 li o\u0161tro bli\u017enjega svojega zaboravljaju\u0107i moju zabranu:<strong> &#8220;Ne sudite da ne biste bili su\u0111eni; ne osu\u0111ujte da ne biste bili osu\u0111eni.&#8221;<\/strong><\/p>\n<p>Reci mi govori\u0161 li bez milosti o drugima. \u0160to te najvi\u0161e brine od onoga \u0161to drugi misle o tebi odnosno od ono\u0161 \u0161to &#8220;misli Bog&#8221;. Dopu\u0161ta\u0161 li da te obuzme tuga ili zlovolja? Odbija\u0161 li svoj \u017eivot, svoje siroma\u0161tvo, svoja zla, svpj posao, na\u010din na koji postupaju s tobom, zaboravljaju\u0107i pritom ono \u0161to ka\u017ee Sveto pismo: <strong>&#8220;Bog raspola\u017ee svime za dobro onih koji ga vole.&#8221;<\/strong><\/p>\n<p>Reci mi, obi\u010dava\u0161 li govoriti la\u017ei, da ne vlada\u0161 svojim pogledom kao ni svojom imaginacijom; moli\u0161 li malo, bez \u017eara; jesu li tvoje ispovjedi u\u010dinjene bez boli i bez nakane da se ubudu\u0107e klone\u0161 grijeha i zapada\u0161 li uvijek u iste pogre\u0161ke? Slu\u0161a\u0161 li misu lo\u0161e, a pri\u010desti \u010dini\u0161 bez pripreme i s malo djela zahvale? Jesi li lijen i boji\u0161 se apostolata? Pro\u0111e li koji put i po nekoliko dana a da ne pro\u010dita\u0161 niti jednu stranu Biblije?<\/p>\n<p>I ja \u0107u te podsjetiti na svoja u\u010denja koja \u0107e donijeti potpuni preobra\u017eaj tvome \u017eivotu. Jo\u0161 \u0107u ti re\u0107i: <strong>&#8220;Bog ponizuje gorde, ali njega ponizuje vrhunac milosti.. Ako zanemari\u0161 sitne obveze, zanemarit \u0107e\u0161 i one krupne. Za svaku zlu rije\u010d koja izi\u0111e iz tvojih usta, morat \u010de\u0161 polagat ra\u010dun na Sudnji dan. Bla\u017eeni oni koji slu\u0161aju rije\u010d Gospodnju i koji je sprovode u djelo.&#8221;<\/strong><\/p>\n<p>Ne stidi se, sirota du\u0161o! Na nebu su oliki pravednici koji posjedova\u0161e tvoje mane. No, moljahu s ponizno\u0161\u0107u i malo po malo oslobodi\u0161e se mana. Zato <strong>&#8220;nisam do\u0161ao zvati pravednike, nego gre\u0161nike&#8221;<\/strong> i zato &#8220;<strong>Bog nikad ne odbija ponizno srce. Najbolji dar Bogu je raskajano srce.&#8221;<\/strong><\/p>\n<p>Ne libi se tra\u017eiti me duhovna i svjetovna dobra. Zdravlje, pam\u0107enje, suosje\u0107anje, uspjeh u radu, u\u010denju i poslu. Slaganje sa svim osobama. Nove ideje za poslove, korisna prijateljstva, dobar karakter, strpljenje, radost, velikodu\u0161nost, ljubav prema Bogu, mr\u017enju prema grijehu&#8230; Sve to ti mogu dati i dajem ti i \u017eelim da me pita\u0161. No, u svemu mora\u0161 uvijek ponavljati moju molitvu iz vrta: <strong>&#8220;O\u010de, nije ono \u0161to ja \u017eelim, nego ono \u0161to \u017eeli\u0161 Ti.&#8221;<\/strong>Zato \u010desto ono \u0161to tra\u017ei jedna osoba ne pridonosi njenu spasenju, i zato joj na\u0161 Otac ustupa druge darove koji \u0107e joj \u010diniti najvi\u0161e dobro.<\/p>\n<p><strong>A danas? \u0160to ti treba?<\/strong><\/p>\n<p>\u0160to mogu u\u010dinit za tvoje dobro? Zna\u0161 li da ti \u017eelim ugoditi? Nahranih pet tisu\u0107a ljudi sa samo pet kruhova, jer vidjeh da ga treba\u0161e. Smirih oluju kad me apostoli probudi\u0161e. Uskrsnuh k\u0107er Jairovu kad me to zai\u0161te njezin otac.<br \/>\nI ti si morao ponavljati sa prorokom: \u201eTko se obratio Gospodinu, a da nije bio usli\u0161an?\u201c<\/p>\n<p><strong>Ima\u0161 li sad kakav plan na umu?<\/strong><\/p>\n<p>Ispri\u010daj mi ga potanko. \u0160to te brine? \u0160to misli\u0161 u\u010diniti? \u0160to \u017eeli\u0161? Kako ti mogu pomo\u0107i? Kamo sre\u0107e da se uvijek sjeti\u0161 re\u010denice psalmista: <strong>\u201eOno \u0161to nas vodi ka uspjehu, nisu na\u0161i jadi. Ono \u0161to nas vodi ka uspjehu, Bo\u017eji je blagoslov. Preporu\u010di see Bogu u svojim jadima i vidjet \u0107e\u0161 da \u0107e se tvoje dobre \u017eelje ispuniti.\u201c<\/strong><\/p>\n<p>Izraelci \u017eeljahu zauzeti obe\u0107anu zemlju. To me moljahu i ja im dopustih; David \u017eelja\u0161e pobijediti Golijata, to me molja\u0161e i dobije; moji apostoli \u017eelja\u0161e da uve\u0107am njihovu vjeru, tra\u017ei\u0161e me tu uslugu koju im ja u\u010dinih s iznimnom velikodu\u0161no\u0161\u0107u.<\/p>\n<p>A ti, \u0161to \u017eeli\u0161 da u\u010dinim za tebe?<br \/>\n<strong><br \/>\n\u0160to mogu u\u010diniti za tvoje prijatelje?<\/strong><\/p>\n<p>\u0160to mogu u\u010diniti za tvoje nadre\u0111ene, za one koji \u017eive u tvojoj ku\u0107i, u tvojoj \u010detvrti, koje susre\u0107e\u0161 na svome putu, za one kojima mora\u0161 polo\u017eiti ra\u010dun na Sudnji dan? Jermija me molja\u0161e za Jeruzalem i Bog ga obasu blagoslovima; danijel molja\u0161e za svoje sunarodnjake i posti\u017ee da se mnoge njihove boli umanje.<\/p>\n<p>A ti, \u0161to si me ono tra\u017eio za svoje susjede, za svoju \u010detvrt, za svoj kraj, za svoju domovinu&#8230;?<\/p>\n<p><strong>A za svoje roditelje?<\/strong><\/p>\n<p>Ako su mrtvi, sjeti se da je <em>\u201emoliti za mrtve sveto i dobro djelo, jer \u0107e tako po\u010divati u miru od svoje patnje.\u201c<\/em><\/p>\n<p>A ako su jo\u0161 \u017eivi, \u0161to \u017eeli\u0161 za njih? Vi\u0161e strpljenja u patnji njihovoj, u njihovim zdravstvenim pote\u0161ko\u0107ama? Blagu \u0107ud? Razumijevanje u obitelji?<\/p>\n<p>Molitve sina ne mo\u017ee odbiti onaj koji je 30 godina bio primjer sinovske ljubavi u Nazaretu.<br \/>\n<strong><br \/>\nIma li koji prisan prijatelj koji treba kakvu uslugu?<\/strong><\/p>\n<p>Moli za njega ili za nju, a ja \u0107u od tvoje obitelji napraviti hram ljubavi i utjehe i uputit \u0107u punih ruku milost tvojim bli\u017enjima kao i potrebnu pomo\u0107 da bi bili sretni u sada\u0161njem vremenu i u vje\u010dnosti.<\/p>\n<div class=\"postbody\"><strong>A za sebe?<\/strong><\/div>\n<div class=\"postbody\">Ne \u017eeli\u0161 li od mene milost i prijateljstvo?<br \/>\nNe bi li \u017eelio \u010diniti dobro bli\u017enjemu svojem, onima koje mo\u017eda jako voli\u0161, a koji \u017eive daleko od vjere ili je ne \u017eive na ispravan na\u010din? Ja sam gospodar srca koja, po\u0161tuju\u0107i slobodu njihovu, uznosim blago prema svetosti i ljubavi Bo\u017ejoj. Ali trebam ljude koji mole za njih.<\/div>\n<div class=\"postbody\"><\/div>\n<div class=\"postbody\">U Evan\u0111elju sam ostavio ovo obe\u0107anje: <strong>&#8220;Va\u0161 Otac nebeski dat \u0107e Sveti duh svima koji ga budu tra\u017eili.&#8221;<\/strong>Tra\u017eite me dobroga Duha za svoje bli\u017enje, da se sjete vje\u010dnosti koja ih \u010deka; da si pripreme blago na nebu \u010dine\u0107i u ovom \u017eivotu mnoga dobra djela i mole\u0107i neprekidno.<br \/>\nRade\u0107i za spasenje obitelji svoje i bli\u017enjih svojih, ne zaboravi nikad \u010dudesno obe\u0107anje prorokovo: <strong>&#8220;Oni koji mnoge privedu pravdi, zasjat \u0107e zauvijek kao zvijezde.&#8221;<\/strong><strong>Jesi li mo\u017eda tu\u017ean ili zle volje?<\/strong><\/div>\n<div class=\"postbody\">Ispri\u010daj mi!<\/div>\n<div class=\"postbody\">Ispri\u010daj mi, neutje\u0161na du\u0161o, svoje \u017ealosti do u najmanju potankost. Tko te je povrijedio? Tko je povrijedio tvoju vlastitu jubav?Tko te je prezreo?<\/div>\n<div class=\"postbody\">Reci mi je li ti lo\u0161e na tvojem poslu i ja \u0107u prona\u0107i uzroke tvoga neuspjeha.Ne bi li \u017eelio da to se u ne\u010demu pomogne? Pribli\u017ei se mojemu srcu koje posjeduje ljekovit melem za sve rane tvojega srca. Ispri\u010daj mi sve i ukratko mi reci da, ba\u0161 kao ja, sve zaboravlja\u0161 i sve opra\u0161ta\u0161 jer <strong>&#8220;patnje u ovome \u017eivotu nisu usporedive s beskrajnom rado\u0161\u0107u koja nas o\u010dekuje kao dar u vje\u010dnosti.&#8221;<\/strong><\/div>\n<div class=\"postbody\">Osje\u0107a\u0161 li ravnodu\u0161je osoba, koje su te prije voljele, ali koje te sad zaboravljaju i koje se bezrazlo\u017eno udaljavaju od tebe? moli za njih.<br \/>\nMoj prijatelj Job molja\u0161e za one koji su kao on bili nezahvalni i bo\u017eanska im dobrota oprosti, te ih vrati njihovu prijateljstvu.<strong>\u017deli\u0161 li mi ispri\u010dati poneku radost?<\/strong><\/div>\n<div class=\"postbody\">Za\u0161to mi ne dopusti\u0161 da je podijelim s tobom kao dobar prijatelj? Ispri\u010daj mi ono \u0161to je od ju\u010der ili od tvog posljednjeg posjeta meni utje\u0161ilo ili nasmijalo tvoje srce. Mo\u017eda te \u0161togod ugodno iznenadilo.<\/div>\n<div class=\"postbody\"><\/div>\n<div class=\"postbody\">Kamo sre\u0107e da su nestale tjeskobe ili strahovi od budu\u0107nosti. Jesi li pre\u0161ao kakvu prepreku ili izi\u0161ao iz kakve pote\u0161ko\u0107e? Sve je to moje djelo, sve sam ti to ja poslao. Koliko me vesele zahvalna srca koja se, kao i ozdravljeni gubavac, vra\u0107aju da se zahvale, ali me vrlo \u017ealoste nezahvalni koji se, kao i devet gubavaca, nikad ne vra\u0107aju da mi zahvale za primljena dobro\u010dinstva. Sjeti se: <strong>&#8220;Onaj koji zahvaljuje za dobro\u010dinstva, dobiva time i dobro\u010dinstva drugih.&#8221;<\/strong><\/div>\n<div class=\"postbody\"><\/div>\n<div class=\"postbody\">Uvijek mi puna srca reci <strong>&#8220;HVALA.&#8221;<\/strong><\/div>\n<div class=\"postbody\"><\/div>\n<div class=\"postbody\"><strong>I onda&#8230;zar mi nema\u0161 \u0161to obe\u0107ati?<\/strong><\/div>\n<div class=\"postbody\"><\/div>\n<div class=\"postbody\">Ve\u0107 zna\u0161 da \u010ditam s dna tvojega srca. Ljudi se lako prevare. Bog ne. Reci mi onda iskreno. Ima\u0161 li \u010dvrstu nakanu da se vi\u0161e ne izla\u017ee\u0161 grijehu? Da se li\u0161i\u0161 onog \u010dasopisa, dnevnika, filma, televizijskog programa koji \u0161teti tvojoj du\u0161i? Da ne \u010dita\u0161 onu knjigu koja uzbu\u0111uje tvoju ma\u0161tu? Da ne op\u0107i\u0161 sa osobom koja je naru\u0161ila mir tvoje du\u0161e? Da \u0161uti\u0161 kad osjeti\u0161 da te sti\u017ee srd\u017eba?<\/div>\n<div class=\"postbody\"><\/div>\n<div class=\"postbody\">Zato <strong>&#8220;nerazboriti ka\u017eu ono \u0161to osje\u0107aju u sebi kad su zle volje, ali razboriti uvijek ostaju u \u0161utnji kada su zle volje i znaju prije\u0107i preko nenesene uvrede.&#8221;<\/strong><\/div>\n<div class=\"postbody\">\u017deli\u0161 li ne govoriti lo\u0161e ni o kome, \u010dak i onda kada vjeruje\u0161 da je to \u0161to govori\u0161 istina? da se ne \u017eali\u0161 \u0161to je \u017eivot te\u017eak? da mi ponudi\u0161 svoju patnju u miru umjesto da hoda\u0161 okolo pori\u010du\u0107i svoju bol? da ostavi\u0161 svaki dan malo prostora za \u010ditanje onog \u0161to je za tebe korisno, posebice Biblije? Tako \u0107e re\u0107i i o tebi: <strong>&#8220;Slu\u0161aj rije\u010d Bo\u017eju i sprovodi je u djelo, a ona je kao ku\u0107a sagra\u0111ena na stijeni, ne\u0107e se sru\u0161iti.&#8221;<\/strong><\/div>\n<div class=\"postbody\">Ho\u0107e\u0161 li biti ljubazan s osobama koje su lo\u0161e s tobom postupale?<\/div>\n<div class=\"postbody\"><\/div>\n<div class=\"postbody\">Ho\u0107e\u0161 li sada imati vedro lice i prijazan osmjeh? \u010cak i prema onima koji nemaju puno su\u0107uti za tebe?<\/div>\n<div class=\"postbody\">\n<p>Sjeti se mojih rije\u010di: <strong>&#8220;Ako pozdravlja\u0161 samo one koji te vole, kakvu zaslugu ima\u0161 od toga? \u010cak i lo\u0161i tom isto \u010dine. Oprosti i neka ti bude opro\u0161teno. Vedro lice raduje tu\u0111a srca.&#8221;<\/strong><strong>A sad se vrati svojim obvezama&#8230;&#8230;<\/strong><\/p>\n<\/div>\n<div class=\"postbody\">No, ne zaboravi ovih 15 minuta razgovora ugodnog koji smo vodili ovdje u samo\u0107i sveti\u0161ta. Sa\u010duvaj \u0161to mo\u017ee\u0161 vi\u0161e od ti\u0161ine, skromnosti i milosr\u0111a prema bli\u017enjemu. Voli moju majku koja je tako\u0111er, tvoja majka.<\/div>\n<div class=\"postbody\">\n<p>Sjeti se da je odanost Djevici Mariji znak sigurnog spasenja.<strong>Utje\u0161iti Isusa<\/strong><\/p>\n<\/div>\n<div class=\"postbody\">Kraj \u010ditavog puta duhovnog \u017eivota je posti\u0107i duboku bliskost s Isusom te podijeliti s njim radosti i boli koje on osje\u0107a.Isusu trebaju tje\u0161itelji, ali ih nalazi malo. Utje\u0161iti Isusa je najistan\u010daniji na\u010din ljubavi prema njemu. Na koncu konca, \u0161to uistinu vrijedi? To nisu velika djela koja mogu u\u010diniti, niti juna\u010dki \u010dini koje mogu u\u010diniti za mnoge siroma\u0161ne i potrebite, ali njima mogu utje\u0161iti Isusa. On je sredi\u0161te \u010ditavog \u017eivota Crkve.<\/div>\n<div class=\"postbody\">Kada volim Isusa i tje\u0161im ga, u svim sam dijelovima svijeta, u posteljama umiru\u0107ih, u tamnicama, gubav\u0161tinama, tje\u0161im umiru\u0107e, ubla\u017eavam parnje \u010distili\u0161ta.<\/div>\n<div class=\"postbody\"><\/div>\n<div class=\"postbody\">\n<p>Za\u0161to, ako je istina da, gdje jedan pati, tamo je i Isus, vrijedi i da utje\u0161iti Isusa zna\u010di poraziti tugu svijeta. Poziv je ovaj vrlo te\u0161ko razumijeti i \u017eivjeti: potrebno je dosti\u0107i vi\u0161i stupanj svetosti.<\/p>\n<p><strong>Isus od Alexandrine Maria da costa<\/strong><\/p>\n<\/div>\n<div class=\"postbody\"><\/div>\n<div class=\"postbody\">Nema\u0161 su\u0107uti za mene? Sav sam u svetohrani\u0161tu. Toliko ismijan, napu\u0161ten i toliko uvrije\u0111en.. Do\u0111i me utje\u0161iti i izlije\u010diti: izlije\u010di toliku slabost. Posjeti uznike i utje\u0161iti ih dobro je djelo. Ja sam u uzama zbog ljubavi. Ja sam uznik nad uznicima.<br \/>\n<strong><br \/>\nMolitva<\/strong><\/div>\n<div class=\"postbody\"><\/div>\n<div class=\"postbody\">Slatka Majko Isusova, ti si prva \u0161tovateljica Njegova i Svetoga Trojstva.<br \/>\nTi si Majka \u010ca\u0161\u0107enja, majka svih du\u0161a \u0161tovateljica, moja majka&#8230;..<br \/>\nStavljam svoj \u017eivot tebi u za\u0161titu. s beskrajnim priznanjem zahvaljujem ti jer si mi otvorila o\u010di za promi\u0161ljanje Onoga koji se \u017ertvuje na svetom oltaru i otvara mi put \u010da\u0161\u0107enja Euharistije. Uvijek me vodi\u0161 k licu svoga Sina u svetohrani\u0161tu.<br \/>\n\u010cuvaj moju du\u0161u i posveti moj poziv \u0161tovateljice za slavu Oca, Sina i Duha Svetoga. Amen.<\/div>\n<div class=\"postbody\"><\/div>\n","protected":false},"excerpt":{"rendered":"<p>Glas Isusov: Nije potrebno, dijete drago, znati mnogo da me se obraduje. Dovoljno je imati vjeru i voljeti me sa \u017earom. Ako me \u017eeli\u0161 jo\u0161 vi\u0161e obradovati, povjeri mi se vi\u0161e; ako me \u017eeli\u0161 neizmjerno obradovati, povjeri mi se neizmjerno. Pri\u010daj mi kao \u0161to bi pri\u010dao sa svojim najbli\u017eim prijateljem, kao \u0161to bi pri\u010dao sa &hellip; <a href=\"https:\/\/karmel.hr\/?page_id=1340\" class=\"more-link\">Nastavi \u010ditati <span class=\"screen-reader-text\">15 minuta s Isusom<\/span> <span class=\"meta-nav\">&rarr;<\/span><\/a><\/p>\n","protected":false},"author":1,"featured_media":10164,"parent":0,"menu_order":0,"comment_status":"open","ping_status":"open","template":"","meta":{"footnotes":""},"class_list":["post-1340","page","type-page","status-publish","has-post-thumbnail","hentry"],"jetpack_sharing_enabled":true,"jetpack-related-posts":[],"_links":{"self":[{"href":"https:\/\/karmel.hr\/index.php?rest_route=\/wp\/v2\/pages\/1340","targetHints":{"allow":["GET"]}}],"collection":[{"href":"https:\/\/karmel.hr\/index.php?rest_route=\/wp\/v2\/pages"}],"about":[{"href":"https:\/\/karmel.hr\/index.php?rest_route=\/wp\/v2\/types\/page"}],"author":[{"embeddable":true,"href":"https:\/\/karmel.hr\/index.php?rest_route=\/wp\/v2\/users\/1"}],"replies":[{"embeddable":true,"href":"https:\/\/karmel.hr\/index.php?rest_route=%2Fwp%2Fv2%2Fcomments&post=1340"}],"version-history":[{"count":6,"href":"https:\/\/karmel.hr\/index.php?rest_route=\/wp\/v2\/pages\/1340\/revisions"}],"predecessor-version":[{"id":13078,"href":"https:\/\/karmel.hr\/index.php?rest_route=\/wp\/v2\/pages\/1340\/revisions\/13078"}],"wp:featuredmedia":[{"embeddable":true,"href":"https:\/\/karmel.hr\/index.php?rest_route=\/wp\/v2\/media\/10164"}],"wp:attachment":[{"href":"https:\/\/karmel.hr\/index.php?rest_route=%2Fwp%2Fv2%2Fmedia&parent=1340"}],"curies":[{"name":"wp","href":"https:\/\/api.w.org\/{rel}","templated":true}]}}