{"id":297,"date":"2014-12-29T22:52:20","date_gmt":"2014-12-29T22:52:20","guid":{"rendered":"http:\/\/karmel.hr\/?page_id=297"},"modified":"2021-01-24T11:52:53","modified_gmt":"2021-01-24T10:52:53","slug":"split","status":"publish","type":"page","link":"https:\/\/karmel.hr\/?page_id=297","title":{"rendered":"Split"},"content":{"rendered":"<p><a href=\"http:\/\/Facebook stranica samostana\">https:\/\/www.facebook.com\/karmelsplit<\/a><\/p>\n<p>Prvi karmeli\u0107ani koji su do\u0161li u Split 1975. godine, zahvaljuju\u0107i mons. + Frani Frani\u0107u tada\u0161njem splitsko-makarskom nadbiskupu, smjestili su se u \u017eupi sv. Mihovila Arkan\u0111ela, Kamen.<\/p>\n<p align=\"justify\"><strong>Gradimo pastoralni centar<\/strong>, karmelski samostan i crkvu Gospe od Karmela, te Duhovni centar sv. Terezije Velike u Splitu.<\/p>\n<p align=\"justify\">Pomozite materijalno, molite za ostvarenje ovog projekta! Svakog \u010detvrtka molimo za dobro\u010dinitelje.<\/p>\n<p align=\"justify\">Po zagovoru Majke i Kraljice Karmela, Bog Vas blagoslovio!<\/p>\n<p align=\"justify\"><strong>Karmelski samostan Gospe od Karmela Split<\/strong><\/p>\n<p style=\"text-align: left;\" align=\"justify\">Broj \u017eiro ra\u010duna: Zagreba\u010dka banka<\/p>\n<p style=\"text-align: left;\" align=\"justify\"><strong>IBAN: HR 102360000-1101868392<\/strong><\/p>\n<p>21000 Split, Trg sv. Terezije Avilske 1<br \/>\ntel. +385 21 324 324; \u00a0mob. +385 99 341 6381<\/p>\n<p align=\"justify\"><strong>Hvala Vam jer i Vi gradite s nama!<\/strong><\/p>\n<p><a href=\"https:\/\/drive.google.com\/open?id=0B11m_Sr2C3upUVpaQkl6SzR5aEE\"><img loading=\"lazy\" decoding=\"async\" class=\"alignnone size-full wp-image-9132\" src=\"https:\/\/karmel.hr\/wp-content\/uploads\/2014\/12\/Slika-zaslona-2016-11-14-14-27-00.png\" alt=\"slika-zaslona-2016-11-14-14-27-00\" width=\"980\" height=\"547\" srcset=\"https:\/\/karmel.hr\/wp-content\/uploads\/2014\/12\/Slika-zaslona-2016-11-14-14-27-00.png 980w, https:\/\/karmel.hr\/wp-content\/uploads\/2014\/12\/Slika-zaslona-2016-11-14-14-27-00-300x167.png 300w, https:\/\/karmel.hr\/wp-content\/uploads\/2014\/12\/Slika-zaslona-2016-11-14-14-27-00-600x335.png 600w\" sizes=\"auto, (max-width: 980px) 100vw, 980px\" \/><\/a><\/p>\n<p>&nbsp;<\/p>\n","protected":false},"excerpt":{"rendered":"<p>https:\/\/www.facebook.com\/karmelsplit Prvi karmeli\u0107ani koji su do\u0161li u Split 1975. godine, zahvaljuju\u0107i mons. + Frani Frani\u0107u tada\u0161njem splitsko-makarskom nadbiskupu, smjestili su se u \u017eupi sv. Mihovila Arkan\u0111ela, Kamen. Gradimo pastoralni centar, karmelski samostan i crkvu Gospe od Karmela, te Duhovni centar sv. Terezije Velike u Splitu. Pomozite materijalno, molite za ostvarenje ovog projekta! Svakog \u010detvrtka molimo &hellip; <a href=\"https:\/\/karmel.hr\/?page_id=297\" class=\"more-link\">Nastavi \u010ditati <span class=\"screen-reader-text\">Split<\/span> <span class=\"meta-nav\">&rarr;<\/span><\/a><\/p>\n","protected":false},"author":1,"featured_media":1652,"parent":74,"menu_order":0,"comment_status":"open","ping_status":"open","template":"","meta":{"footnotes":""},"class_list":["post-297","page","type-page","status-publish","has-post-thumbnail","hentry"],"jetpack_sharing_enabled":true,"jetpack-related-posts":[],"_links":{"self":[{"href":"https:\/\/karmel.hr\/index.php?rest_route=\/wp\/v2\/pages\/297","targetHints":{"allow":["GET"]}}],"collection":[{"href":"https:\/\/karmel.hr\/index.php?rest_route=\/wp\/v2\/pages"}],"about":[{"href":"https:\/\/karmel.hr\/index.php?rest_route=\/wp\/v2\/types\/page"}],"author":[{"embeddable":true,"href":"https:\/\/karmel.hr\/index.php?rest_route=\/wp\/v2\/users\/1"}],"replies":[{"embeddable":true,"href":"https:\/\/karmel.hr\/index.php?rest_route=%2Fwp%2Fv2%2Fcomments&post=297"}],"version-history":[{"count":19,"href":"https:\/\/karmel.hr\/index.php?rest_route=\/wp\/v2\/pages\/297\/revisions"}],"predecessor-version":[{"id":16463,"href":"https:\/\/karmel.hr\/index.php?rest_route=\/wp\/v2\/pages\/297\/revisions\/16463"}],"up":[{"embeddable":true,"href":"https:\/\/karmel.hr\/index.php?rest_route=\/wp\/v2\/pages\/74"}],"wp:featuredmedia":[{"embeddable":true,"href":"https:\/\/karmel.hr\/index.php?rest_route=\/wp\/v2\/media\/1652"}],"wp:attachment":[{"href":"https:\/\/karmel.hr\/index.php?rest_route=%2Fwp%2Fv2%2Fmedia&parent=297"}],"curies":[{"name":"wp","href":"https:\/\/api.w.org\/{rel}","templated":true}]}}