{"id":316,"date":"2014-12-29T23:03:20","date_gmt":"2014-12-29T23:03:20","guid":{"rendered":"http:\/\/karmel.hr\/?page_id=316"},"modified":"2015-02-01T12:08:36","modified_gmt":"2015-02-01T12:08:36","slug":"brezovica","status":"publish","type":"page","link":"https:\/\/karmel.hr\/?page_id=316","title":{"rendered":"Brezovica"},"content":{"rendered":"<p>Karmel u Brezovici &#8211; osnovna je namjera utemeljitelja istovjetna\u00a0 sv. Majci Tereziji: molitva i \u017ertva za Crkvu i narod.<\/p>\n<p>Kao i svi ostali redovi i dru\u017ebe redovnica i redovnika u\u00a0 svijetu, tako i u Karmelu, prvenstvena je zada\u0107a slu\u017eiti Bogu i bra\u0107i i preko bra\u0107e. \u017divot\u00a0 karmeli\u0107anke\u00a0 po\u00a0 tom\u00a0 slu\u017eenju\u00a0 postaje\u00a0 \u017eivot za druge.\u00a0 Za Karmel bi se\u00a0 moglo\u00a0 slikovito re\u0107i\u00a0 da \u017eeli da se Bog\u00a0 rodi i da \u017eivi u du\u0161ama, da\u00a0 \u00abuzraste velik\u00bb u njima,\u00a0 da bi\u00a0 tako Njegova\u00a0 ljubav mogla vi\u0161e zavladati svijetom.<\/p>\n<p>Molimo i \u017eivimo taj cilj i za taj cilj. Na taj na\u010din \u017eelimo promicati molitvu kao specifi\u010dan apostolat. Tako\u0111er, prou\u010davaju\u0107i spise na\u0161ih\u00a0 roditelja, sv. Majke Terezije i sv. Ivana od Kri\u017ea, i \u017eive\u0107i njihovu\u00a0 karizmu, \u017eelimo ovu krepku hranu dijeliti s drugima, napose s onima koji to \u017eele i tra\u017ee.<\/p>\n<p>Pro\u017eete njegovom ljubavlju, i mi \u017ee\u0111amo njegovom \u017ee\u0111u, da uta\u017eimo njegovu \u017ee\u0111 za du\u0161ama, i \u010dinimo sve, kako bi svi upoznali ljubav kojom smo ljubljeni i\u00a0 kako bi svi povjerovali toj ljubavi. (usp. 1 Iv. 4, 16)<\/p>\n<p>Srca u Karmelu \u0161ire se, obzori rastu, pogled je upravljen daleko \u0161ire i dalje \u2013 to je svijetlo Bo\u017eje koje nam poma\u017ee da svoj karmelski ideal\u00a0 \u017eivimo u punini: odre\u0107i se svijeta poradi Boga, da bi smo na\u0161li i ljubili na nov na\u010din u Bogu sve ljude i stvari onako kako ih On ljubi.<\/p>\n<p><a href=\"http:\/\/brezovica.karmel.hr\">http:\/\/brezovica.karmel.hr<\/a><\/p>\n","protected":false},"excerpt":{"rendered":"<p>Karmel u Brezovici &#8211; osnovna je namjera utemeljitelja istovjetna\u00a0 sv. Majci Tereziji: molitva i \u017ertva za Crkvu i narod. Kao i svi ostali redovi i dru\u017ebe redovnica i redovnika u\u00a0 svijetu, tako i u Karmelu, prvenstvena je zada\u0107a slu\u017eiti Bogu i bra\u0107i i preko bra\u0107e. \u017divot\u00a0 karmeli\u0107anke\u00a0 po\u00a0 tom\u00a0 slu\u017eenju\u00a0 postaje\u00a0 \u017eivot za druge.\u00a0 Za &hellip; <a href=\"https:\/\/karmel.hr\/?page_id=316\" class=\"more-link\">Nastavi \u010ditati <span class=\"screen-reader-text\">Brezovica<\/span> <span class=\"meta-nav\">&rarr;<\/span><\/a><\/p>\n","protected":false},"author":1,"featured_media":1527,"parent":76,"menu_order":0,"comment_status":"open","ping_status":"open","template":"","meta":{"footnotes":""},"class_list":["post-316","page","type-page","status-publish","has-post-thumbnail","hentry"],"jetpack_sharing_enabled":true,"jetpack-related-posts":[],"_links":{"self":[{"href":"https:\/\/karmel.hr\/index.php?rest_route=\/wp\/v2\/pages\/316","targetHints":{"allow":["GET"]}}],"collection":[{"href":"https:\/\/karmel.hr\/index.php?rest_route=\/wp\/v2\/pages"}],"about":[{"href":"https:\/\/karmel.hr\/index.php?rest_route=\/wp\/v2\/types\/page"}],"author":[{"embeddable":true,"href":"https:\/\/karmel.hr\/index.php?rest_route=\/wp\/v2\/users\/1"}],"replies":[{"embeddable":true,"href":"https:\/\/karmel.hr\/index.php?rest_route=%2Fwp%2Fv2%2Fcomments&post=316"}],"version-history":[{"count":3,"href":"https:\/\/karmel.hr\/index.php?rest_route=\/wp\/v2\/pages\/316\/revisions"}],"predecessor-version":[{"id":931,"href":"https:\/\/karmel.hr\/index.php?rest_route=\/wp\/v2\/pages\/316\/revisions\/931"}],"up":[{"embeddable":true,"href":"https:\/\/karmel.hr\/index.php?rest_route=\/wp\/v2\/pages\/76"}],"wp:featuredmedia":[{"embeddable":true,"href":"https:\/\/karmel.hr\/index.php?rest_route=\/wp\/v2\/media\/1527"}],"wp:attachment":[{"href":"https:\/\/karmel.hr\/index.php?rest_route=%2Fwp%2Fv2%2Fmedia&parent=316"}],"curies":[{"name":"wp","href":"https:\/\/api.w.org\/{rel}","templated":true}]}}