{"id":318,"date":"2014-12-29T23:05:23","date_gmt":"2014-12-29T23:05:23","guid":{"rendered":"http:\/\/karmel.hr\/?page_id=318"},"modified":"2025-03-10T00:51:40","modified_gmt":"2025-03-09T23:51:40","slug":"dakovacka-breznica","status":"publish","type":"page","link":"https:\/\/karmel.hr\/?page_id=318","title":{"rendered":"Breznica \u0110akova\u010dka"},"content":{"rendered":"<p>Zajednica je osnovana 1988. godine u \u0160arengradu, a od 1991. do 2001. je u izbjegli\u0161tvu u Remetama.<\/p>\n<p>17. lipnja 1996. godine blagoslovljen je i postavljen kamen temeljac za gradnju novog samostana u Breznici \u0110akova\u010dkoj \u2013 Levanjska Varo\u0161.<\/p>\n<p>Budu\u0107i da je cjelokupna gradnja samostana ovisna o pomo\u0107i dobro\u010dinitelja, kako bi pospje\u0161ile radove na izgradnji, sestre se u grupama izmjenjuju na gradili\u0161tu.<\/p>\n<p>17.\u00a0prosinca\u00a02001. cijela zajednica od 22\u00a0sestre useljava u jo\u0161 nedovr\u0161eni samostan.<\/p>\n<p>Za vrijeme jubilarnog 100-tog Papinog putovanja i ujedno Tre\u0107eg posjeta Svetog Oca Ivana Pavla II. na\u0161oj Domovini, zajednica je sudjelovala 7.\u00a0lipnja\u00a02003. na susretu sa Svetim Ocem u Osijeku i u \u0111akova\u010dkoj Katedrali. Osobiti svakodnevni spomen na te dane je tabernakul kojeg je blagoslovio Sveti Otac u \u0111akova\u010dkoj Katedrali, kao i kipovi Gospe i svetog Josipa.<\/p>\n<p><a href=\"https:\/\/karmel-breznica.hr\">https:\/\/karmel-breznica.hr<\/a><\/p>\n","protected":false},"excerpt":{"rendered":"<p>Zajednica je osnovana 1988. godine u \u0160arengradu, a od 1991. do 2001. je u izbjegli\u0161tvu u Remetama. 17. lipnja 1996. godine blagoslovljen je i postavljen kamen temeljac za gradnju novog samostana u Breznici \u0110akova\u010dkoj \u2013 Levanjska Varo\u0161. Budu\u0107i da je cjelokupna gradnja samostana ovisna o pomo\u0107i dobro\u010dinitelja, kako bi pospje\u0161ile radove na izgradnji, sestre se &hellip; <a href=\"https:\/\/karmel.hr\/?page_id=318\" class=\"more-link\">Nastavi \u010ditati <span class=\"screen-reader-text\">Breznica \u0110akova\u010dka<\/span> <span class=\"meta-nav\">&rarr;<\/span><\/a><\/p>\n","protected":false},"author":1,"featured_media":22744,"parent":76,"menu_order":0,"comment_status":"open","ping_status":"open","template":"","meta":{"footnotes":""},"class_list":["post-318","page","type-page","status-publish","has-post-thumbnail","hentry"],"jetpack_sharing_enabled":true,"jetpack-related-posts":[],"_links":{"self":[{"href":"https:\/\/karmel.hr\/index.php?rest_route=\/wp\/v2\/pages\/318","targetHints":{"allow":["GET"]}}],"collection":[{"href":"https:\/\/karmel.hr\/index.php?rest_route=\/wp\/v2\/pages"}],"about":[{"href":"https:\/\/karmel.hr\/index.php?rest_route=\/wp\/v2\/types\/page"}],"author":[{"embeddable":true,"href":"https:\/\/karmel.hr\/index.php?rest_route=\/wp\/v2\/users\/1"}],"replies":[{"embeddable":true,"href":"https:\/\/karmel.hr\/index.php?rest_route=%2Fwp%2Fv2%2Fcomments&post=318"}],"version-history":[{"count":7,"href":"https:\/\/karmel.hr\/index.php?rest_route=\/wp\/v2\/pages\/318\/revisions"}],"predecessor-version":[{"id":22747,"href":"https:\/\/karmel.hr\/index.php?rest_route=\/wp\/v2\/pages\/318\/revisions\/22747"}],"up":[{"embeddable":true,"href":"https:\/\/karmel.hr\/index.php?rest_route=\/wp\/v2\/pages\/76"}],"wp:featuredmedia":[{"embeddable":true,"href":"https:\/\/karmel.hr\/index.php?rest_route=\/wp\/v2\/media\/22744"}],"wp:attachment":[{"href":"https:\/\/karmel.hr\/index.php?rest_route=%2Fwp%2Fv2%2Fmedia&parent=318"}],"curies":[{"name":"wp","href":"https:\/\/api.w.org\/{rel}","templated":true}]}}