{"id":3224,"date":"2015-03-31T13:01:14","date_gmt":"2015-03-31T13:01:14","guid":{"rendered":"http:\/\/karmel.hr\/?page_id=3224"},"modified":"2017-03-07T10:32:50","modified_gmt":"2017-03-07T10:32:50","slug":"video","status":"publish","type":"page","link":"https:\/\/karmel.hr\/?page_id=3224","title":{"rendered":"VIDEO"},"content":{"rendered":"<p><a href=\"http:\/\/www.godtube.com\/watch\/?v=JJCMCFNU\">POVIJEST KARMELA\u00a0 prvi dio<\/a><\/p>\n<p class=\"yt watch-title-container\"><a href=\"https:\/\/www.youtube.com\/watch?v=crWlzueHAss\"><span id=\"eow-title\" class=\"watch-title \" dir=\"ltr\" title=\"POVIJEST KARMELA drugi dio\"> POVIJEST KARMELA drugi dio <\/span><\/a><\/p>\n<p class=\"yt watch-title-container\"><a href=\"https:\/\/www.youtube.com\/watch?v=irgicjobygU\">Karmelicani u Hrvatskoj <\/a><\/p>\n<p class=\"yt watch-title-container\"><a href=\"https:\/\/www.youtube.com\/watch?v=7XWOB-sJ3DU\"><span id=\"eow-title\" class=\"watch-title \" dir=\"ltr\" title=\"50. godina karmelicana u Hrvatskoj (12.09.1959 - 12.09.2009.) HRT Mir i dobro\">50. godina karmelicana u Hrvatskoj<\/span><\/a><\/p>\n<p class=\"yt watch-title-container\"><a href=\"https:\/\/www.youtube.com\/watch?v=BV4HIR-xBWQ\">KARMELSKI SVJETOVNI RED &#8211; OCDS <\/a><\/p>\n<p class=\"yt watch-title-container\"><a href=\"https:\/\/youtu.be\/ZUv70N6BYBg?list=PL22A679F27D62F5B3\"><span id=\"eow-title\" class=\"watch-title \" dir=\"ltr\" title=\"Sarajevo sestre Karmelicanke\">Sarajevo sestre Karmelicanke<\/span><\/a><\/p>\n<p class=\"yt watch-title-container\"><a href=\"https:\/\/www.youtube.com\/watch?v=7XWOB-sJ3DU\">Sloboda iza res\u030cetaka, dokumentarni film o bosonogim karmeli\u0107ankama<\/a><\/p>\n<p class=\"yt watch-title-container\"><a href=\"https:\/\/www.youtube.com\/watch?v=A9AuFQpNctM\">PLOVIDBA U BARCI KARMELA, uz 25 obljetnicu &#8220;SREBRENOG JUBILEJA&#8221; \u010cASNE MAJKE\u00a0VIKTORIJE SHTUFI<\/a><\/p>\n<p class=\"yt watch-title-container\"><a href=\"https:\/\/www.youtube.com\/watch?v=hvx4NZBlf3o\">BIBLIJA &#8211; U SRCU CRKVE BIT \u0106U LJUBAV &#8211; KARMEL SV. MALE TEREZIJE, KLO\u0160TAR IVANI\u0106 <\/a><\/p>\n<p class=\"yt watch-title-container\"><a href=\"https:\/\/www.youtube.com\/watch?v=ZAFrye9yU9k\">SUSRET. Darivanje Boga \u010dovjeku (dokumentarni film). Cijeli film. <\/a><\/p>\n<p class=\"yt watch-title-container\"><a href=\"https:\/\/www.youtube.com\/watch?v=wlRQIWBhRY8\">Sveta Terezija 1. 2. i 3. epizoda sa HRV titlovima <\/a><\/p>\n<p class=\"yt watch-title-container\"><a href=\"https:\/\/www.youtube.com\/watch?v=_UAXxdhhT7w\">Sveta Terezija Avilska 4.5. i 6.epizoda &#8211; HRV titlovi <\/a><\/p>\n<p class=\"yt watch-title-container\"><a href=\"https:\/\/www.youtube.com\/watch?v=t3rrRN5MjEs\">Sveta Terezija 7. i 8. epizoda <\/a><\/p>\n<p class=\"yt watch-title-container\"><a href=\"https:\/\/www.youtube.com\/watch?v=QCWtTfykb0U\">Sveta Terezija Avilska (crtani film) <\/a><\/p>\n<p class=\"yt watch-title-container\"><a href=\"https:\/\/www.youtube.com\/watch?v=zCTgpB173S0\">Relikvije Sv. Terezije na Kamenu<\/a><\/p>\n<p class=\"yt watch-title-container\"><a href=\"https:\/\/www.youtube.com\/watch?v=ABFPqGFsCJ8\">Intervju-DNEVNIK NOVA TV-USKRS 2012 &#8211; o. Dra\u017een Marija Varga\u0161evi\u0107 <\/a><\/p>\n<p class=\"yt watch-title-container\"><a href=\"https:\/\/www.youtube.com\/watch?v=GdYn8ehGkm4\">MIR I DOBRO (HRT 15.02.15.)-IN MEMORIAM o. VJENCESLAV MIHETEC <\/a><\/p>\n<p class=\"yt watch-title-container\"><a href=\"https:\/\/www.youtube.com\/watch?v=lLrwYVe5Ey4\">Duhovna obnova,1.dio, o Vjenceslav Mihetec <\/a><\/p>\n<p class=\"yt watch-title-container\"><a href=\"https:\/\/www.youtube.com\/watch?v=ILo-Mu1vL7U\">Tajna duhovnog poziva <\/a><\/p>\n<p class=\"yt watch-title-container\"><a href=\"https:\/\/www.youtube.com\/watch?v=ePrNYMYZ3yA\">Karmel i Sv.Ilija <\/a><\/p>\n<p class=\"yt watch-title-container\"><a href=\"https:\/\/www.youtube.com\/watch?v=JUgrwNy-U2M\">Prorok Ilija <\/a><\/p>\n<p class=\"yt watch-title-container\"><a href=\"https:\/\/www.youtube.com\/watch?v=0ud_lw-H63k\">ILIJA PROROK &#8211; Igrani film<\/a><\/p>\n<p class=\"yt watch-title-container\"><a href=\"https:\/\/www.youtube.com\/watch?v=TiwzAeN2_Vg\">ILIJA PROROK &#8211; Crtani film<\/a><\/p>\n<p class=\"yt watch-title-container\"><a href=\"https:\/\/www.youtube.com\/watch?v=zvVDxhSUN3U\">10 savjeta kako moliti &#8211; sv. Ivan od Kri\u017ea <\/a><\/p>\n<p class=\"yt watch-title-container\"><a href=\"https:\/\/www.youtube.com\/watch?v=S4ZUvY8y-M0\">Molitva zaljubljene du\u0161e &#8211; sv. Ivan od Kri\u017ea\u00a0<\/a><\/p>\n<p class=\"yt watch-title-container\"><a href=\"https:\/\/www.youtube.com\/watch?v=he6jEty8KPc\">Ne tra\u017eim&#8230;vi\u0161e nego da ga gledate <\/a><\/p>\n<p class=\"yt watch-title-container\"><a href=\"https:\/\/youtu.be\/f2dDSv1vQ60\">Avila &#8211; obitelj Mladineo i prvi zavjeti s. Estere<\/a><\/p>\n<p><a href=\"https:\/\/youtu.be\/QfdcCSl6m8M\" rel=\"bookmark\">\u0160krtost \u2013 zmija u d\u017eepu (otac Anto Kne\u017eevi\u0107)<\/a><\/p>\n<p class=\"watch-title-container\"><span id=\"eow-title\" class=\"watch-title\" dir=\"ltr\" title=\"Gladna nahraniti: Poka\u017ei djelima vjeru! (otac Anto Kne\u017eevi\u0107)\"><a href=\"https:\/\/www.youtube.com\/watch?v=SjfgXZe1wpE\">Gladna nahraniti: Poka\u017ei djelima vjeru! (otac Anto Kne\u017eevi\u0107)<\/a><\/span><\/p>\n<p class=\"watch-title-container\"><span id=\"eow-title\" class=\"watch-title\" dir=\"ltr\" title=\"Karmeli\u0107ani i sv. Terezija Avilska (otac Anto Kne\u017eevi\u0107)\"><a href=\"https:\/\/www.youtube.com\/watch?v=aXgemGIhO1w&amp;t=22s\" target=\"_blank\">Karmeli\u0107ani i sv. Terezija Avilska (otac Anto Kne\u017eevi\u0107)<\/a><\/span><\/p>\n<p><a href=\"https:\/\/www.youtube.com\/watch?v=ZMXEEJMuwac\">sv. Terezija Benedikta od Kri\u017ea (Edith Stein)<\/a><\/p>\n<p><a href=\"https:\/\/www.youtube.com\/watch?v=tF7XG8i7PxI\" target=\"_blank\">Samostan Bezgre\u0161ne Kraljice Karmel, Reporta\u017ea 2016.<\/a><\/p>\n<p><a href=\"https:\/\/www.youtube.com\/watch?v=MFhtDz9TUhQ\" target=\"_blank\">\u0160to uistinu zna\u010di biti milosrdan? &#8211; o. Dario Toki\u0107<\/a><\/p>\n","protected":false},"excerpt":{"rendered":"<p>POVIJEST KARMELA\u00a0 prvi dio POVIJEST KARMELA drugi dio Karmelicani u Hrvatskoj 50. godina karmelicana u Hrvatskoj KARMELSKI SVJETOVNI RED &#8211; OCDS Sarajevo sestre Karmelicanke Sloboda iza res\u030cetaka, dokumentarni film o bosonogim karmeli\u0107ankama PLOVIDBA U BARCI KARMELA, uz 25 obljetnicu &#8220;SREBRENOG JUBILEJA&#8221; \u010cASNE MAJKE\u00a0VIKTORIJE SHTUFI BIBLIJA &#8211; U SRCU CRKVE BIT \u0106U LJUBAV &#8211; KARMEL SV. &hellip; <a href=\"https:\/\/karmel.hr\/?page_id=3224\" class=\"more-link\">Nastavi \u010ditati <span class=\"screen-reader-text\">VIDEO<\/span> <span class=\"meta-nav\">&rarr;<\/span><\/a><\/p>\n","protected":false},"author":1,"featured_media":3228,"parent":0,"menu_order":0,"comment_status":"open","ping_status":"open","template":"","meta":{"footnotes":""},"class_list":["post-3224","page","type-page","status-publish","has-post-thumbnail","hentry"],"jetpack_sharing_enabled":true,"jetpack-related-posts":[],"_links":{"self":[{"href":"https:\/\/karmel.hr\/index.php?rest_route=\/wp\/v2\/pages\/3224","targetHints":{"allow":["GET"]}}],"collection":[{"href":"https:\/\/karmel.hr\/index.php?rest_route=\/wp\/v2\/pages"}],"about":[{"href":"https:\/\/karmel.hr\/index.php?rest_route=\/wp\/v2\/types\/page"}],"author":[{"embeddable":true,"href":"https:\/\/karmel.hr\/index.php?rest_route=\/wp\/v2\/users\/1"}],"replies":[{"embeddable":true,"href":"https:\/\/karmel.hr\/index.php?rest_route=%2Fwp%2Fv2%2Fcomments&post=3224"}],"version-history":[{"count":11,"href":"https:\/\/karmel.hr\/index.php?rest_route=\/wp\/v2\/pages\/3224\/revisions"}],"predecessor-version":[{"id":9709,"href":"https:\/\/karmel.hr\/index.php?rest_route=\/wp\/v2\/pages\/3224\/revisions\/9709"}],"wp:featuredmedia":[{"embeddable":true,"href":"https:\/\/karmel.hr\/index.php?rest_route=\/wp\/v2\/media\/3228"}],"wp:attachment":[{"href":"https:\/\/karmel.hr\/index.php?rest_route=%2Fwp%2Fv2%2Fmedia&parent=3224"}],"curies":[{"name":"wp","href":"https:\/\/api.w.org\/{rel}","templated":true}]}}