{"id":356,"date":"2014-12-30T11:06:06","date_gmt":"2014-12-30T11:06:06","guid":{"rendered":"http:\/\/karmel.hr\/?page_id=356"},"modified":"2015-10-20T18:05:46","modified_gmt":"2015-10-20T18:05:46","slug":"sv-terezija-od-djeteta-isusa-i-svetoga-lica-mala-terezija","status":"publish","type":"page","link":"https:\/\/karmel.hr\/?page_id=356","title":{"rendered":"Sv. Terezija od djeteta Isusa i Svetoga lica (Mala Terezija)"},"content":{"rendered":"<p>Ro\u0111ena 1873., preminula 1897., s dvadeset i \u010detiri godine \u017eivota, Mala Terezija ne prestaje osvajati simpatije niti sto godina nakon svoje smrti.<\/p>\n<p>Nakon \u0161to je godinu dana iza njezine smrti tiskano prvih dvije tisu\u0107e primjeraka <strong>Povijesti jedne du\u0161e<\/strong>, Terezijina popularnost raste takvom brzinom da uskoro zahva\u0107a cijelu Crkvu i svijet.<\/p>\n<p>Nazva\u0161e je i <strong>sveticom rovova<\/strong>, jer su vojnici tijekom I. svjetskog rata nosili njezine sli\u010dice i utjecali se njenoj za\u0161titi, tako da je Crkva morala odobriti kovanje medaljica s njezinim likom i prije nego li je progla\u0161ena bla\u017eenom.<\/p>\n<p>Crkveno je pravo tada tra\u017eilo da za kanonizaciju pro\u0111e pedeset godina od smrti, ali je u njenom slu\u010daju papa Benedikt XV. to morao izuzeti: 1923. objavljuje dekret o juna\u010dkim krepostima sestre Terezije od Djeteta Isusa i Svetoga Lica. Sve se ni\u017ee brzo. Njegov nasljednik Pio XI. progla\u0161ava je 1923. bla\u017eenom, a 17. svibnja 1925., pred 50.000 ljudi u bazilici Svetog Petra i 500.000 na Trgu ispred bazilike, u nazo\u010dnosti 33 kardinala i 250 biskupa upisuje ju u popis svetaca.<\/p>\n<p>Dvije godine kasnije, ova redovnica, koja od svoje 15. godine nikada nije napustila klauzure, biva progla\u0161ena i za\u0161titnicom misija, uz \u0161panjolskog isusovca sv. Franju Ksaverskog.<\/p>\n<p>Papa Pio XII. progla\u0161ava je 1944. drugom za\u0161titnicom Francuske zajedno sa sv. Ivanom Ar\u0161kom&#8230;<\/p>\n<p>Terezijini spisi su bestseleri. Prevode se na sve ve\u0107e jezike. Njezin lik i nauk odavno su nadi\u0161li okvire karmelskog reda, njena duhovnost privla\u010di i nadahnjuje zvanja ne samo karmelskim nego i svim drugim redovima i dru\u017ebama. Terezija jo\u0161 uvijek u tolikoj mjeri zahva\u0107a srca da ju je, na tra\u017eenja koja su dolazila iz cijele Crkve, Papa Ivan Pavao II. na misijsku nedjelju jubilarne 1997. godine proglasio i crkvenom nau\u010diteljicom.<\/p>\n<p>Je li tajna njezine slave i veli\u010dine mo\u017eda ba\u0161 u tome \u0161to je znala \u201cda je sva sre\u0107a na zemlji sakriti se\u201d i biti malen? Pred njezinom velikom maleno\u0161\u0107u zastado\u0161e i velikani teolo\u0161ke misli poput Rahnera i von Balthasara. Tko je Mala Terezija i \u0161to je tako privla\u010dnoga nosila u svome bi\u0107u, u svojim osje\u0107ajima, mo\u017eda se nigdje ne mo\u017ee toliko o\u010ditovati koliko u njezinim pjesmama\u2026<\/p>\n<p>Ona koju Pape nazva\u0161e \u201cnajve\u0107om sveticom modernih vremena\u201d (Pio X.) i \u201cRije\u010dju Bo\u017ejom na\u0161em vremenu\u201d (Pio XI.) i nadalje zahva\u0107a i Bogu pribli\u017eava mnoge bogotra\u017eitelje\u2026<\/p>\n<h4><a href=\"https:\/\/karmel.hr\/?p=4563\">Terezijini roditelji<\/a><\/h4>\n<h4 class=\"group inner list-group-item-heading\"><a href=\"http:\/\/www.bitno.net\/vjera\/sveta-mala-terezija-naucila-nas-je-vjeri-malog-puta-onoj-bez-cudesa-i-s-potpunom-predanoscu-bogu\/\">Sveta Mala Terezija \u2013 nau\u010dila nas je vjeri \u2018malog puta\u2019, onoj bez \u010dudesa i s potpunom predano\u0161\u0107u Bogu<\/a><\/h4>\n<h4 class=\"group inner list-group-item-heading\"><a href=\"http:\/\/www.bitno.net\/vjera\/djecak-koji-je-u-vizijama-razgovarao-s-malom-terezijom\/\">Dje\u010daku se godinama ukazivala sv. Mala Terezija i vodila ga do svetosti<\/a><\/h4>\n<h4 class=\"group inner list-group-item-heading\"><a href=\"http:\/\/www.bitno.net\/lifestyle\/muzevna-snaga-terezije-iz-lisieuxa\/\">Evo kako krhka svetica mo\u017ee biti uzor svakom mu\u0161karcu!<\/a><\/h4>\n<h4 class=\"group inner list-group-item-heading\"><a href=\"http:\/\/www.bitno.net\/vjera\/najljepse-misli-svete-male-terezije\/\">Najljep\u0161e misli svete Male Terezije<\/a><\/h4>\n<h4 class=\"group inner list-group-item-heading\"><a href=\"http:\/\/www.bitno.net\/vjera\/friedrich-nietzsche-nasuprot-sv-tereziji-iz-lisieuxa\/\">Bezbo\u017eni Friedrich Nietzsche nasuprot sv. Tereziji iz Lisieuxa<\/a><\/h4>\n","protected":false},"excerpt":{"rendered":"<p>Ro\u0111ena 1873., preminula 1897., s dvadeset i \u010detiri godine \u017eivota, Mala Terezija ne prestaje osvajati simpatije niti sto godina nakon svoje smrti. Nakon \u0161to je godinu dana iza njezine smrti tiskano prvih dvije tisu\u0107e primjeraka Povijesti jedne du\u0161e, Terezijina popularnost raste takvom brzinom da uskoro zahva\u0107a cijelu Crkvu i svijet. Nazva\u0161e je i sveticom rovova, &hellip; <a href=\"https:\/\/karmel.hr\/?page_id=356\" class=\"more-link\">Nastavi \u010ditati <span class=\"screen-reader-text\">Sv. Terezija od djeteta Isusa i Svetoga lica (Mala Terezija)<\/span> <span class=\"meta-nav\">&rarr;<\/span><\/a><\/p>\n","protected":false},"author":1,"featured_media":429,"parent":100,"menu_order":0,"comment_status":"open","ping_status":"open","template":"","meta":{"footnotes":""},"class_list":["post-356","page","type-page","status-publish","has-post-thumbnail","hentry"],"jetpack_sharing_enabled":true,"jetpack-related-posts":[],"_links":{"self":[{"href":"https:\/\/karmel.hr\/index.php?rest_route=\/wp\/v2\/pages\/356","targetHints":{"allow":["GET"]}}],"collection":[{"href":"https:\/\/karmel.hr\/index.php?rest_route=\/wp\/v2\/pages"}],"about":[{"href":"https:\/\/karmel.hr\/index.php?rest_route=\/wp\/v2\/types\/page"}],"author":[{"embeddable":true,"href":"https:\/\/karmel.hr\/index.php?rest_route=\/wp\/v2\/users\/1"}],"replies":[{"embeddable":true,"href":"https:\/\/karmel.hr\/index.php?rest_route=%2Fwp%2Fv2%2Fcomments&post=356"}],"version-history":[{"count":4,"href":"https:\/\/karmel.hr\/index.php?rest_route=\/wp\/v2\/pages\/356\/revisions"}],"predecessor-version":[{"id":6150,"href":"https:\/\/karmel.hr\/index.php?rest_route=\/wp\/v2\/pages\/356\/revisions\/6150"}],"up":[{"embeddable":true,"href":"https:\/\/karmel.hr\/index.php?rest_route=\/wp\/v2\/pages\/100"}],"wp:featuredmedia":[{"embeddable":true,"href":"https:\/\/karmel.hr\/index.php?rest_route=\/wp\/v2\/media\/429"}],"wp:attachment":[{"href":"https:\/\/karmel.hr\/index.php?rest_route=%2Fwp%2Fv2%2Fmedia&parent=356"}],"curies":[{"name":"wp","href":"https:\/\/api.w.org\/{rel}","templated":true}]}}