{"id":484,"date":"2015-01-05T11:32:32","date_gmt":"2015-01-05T11:32:32","guid":{"rendered":"http:\/\/karmel.hr\/?page_id=484"},"modified":"2015-02-01T20:51:13","modified_gmt":"2015-02-01T20:51:13","slug":"deset-savjeta-kako-moliti","status":"publish","type":"page","link":"https:\/\/karmel.hr\/?page_id=484","title":{"rendered":"Deset savjeta kako moliti"},"content":{"rendered":"<p><span style=\"color: #008080;\"><strong>1. <\/strong><\/span>Uvijek imaj na umu da u svemu treba\u0161 slijediti stope Isusa Krista. Izgradi svoj \u017eivot na Njemu jedinom. On te ljubi. Uzljubi ga.<\/p>\n<p><span style=\"color: #008080;\"><strong>2.<\/strong> <\/span>Koliko se vi\u0161e pouzdaje\u0161 u stvari koje te odvra\u0107aju od molitve, toliko \u0107e\u0161 manje imati pouzdanja u Boga; ne mo\u017ee\u0161 slu\u017eiti dvojici gospodara!<\/p>\n<p><span style=\"color: #008080;\"><strong>3. <\/strong><\/span>Otac izgovara samo jednu rije\u010d, to jest svoga Sina, i uvijek je izgovara u vje\u010dnoj \u0161utnji, pa je samo u \u0161utnji mo\u017ee\u0161 i \u010duti.<\/p>\n<p><span style=\"color: #008080;\"><strong>4.<\/strong><\/span> Prona\u0111i stoga tiho i samotno mjesto i tamo se pomoli. Utro\u0161i svu snagu i polet svoje volje da Ga zaziva\u0161 i blagoslivlja\u0161.<\/p>\n<p><span style=\"color: #008080;\"><strong>5.<\/strong> <\/span>Sjeti se da moliti ne zna\u010di puno misliti, puno osje\u0107ati, puno \u010diniti. Samo jedno je potrebno: biti voljan uistinu zatajiti samoga sebe radi Njega; \u010duvati tajne Bo\u017eje ljubavi.<\/p>\n<p><span style=\"color: #008080;\"><strong>6.<\/strong> <\/span>Pripazi da ima\u0161 \u010distu savjest, volju sasvim utvr\u0111enu u Bogu i misao okrenutu Njemu. \u0160to biva\u0161 jednostavniji, to si korisniji Crkvi i svijetu.<\/p>\n<p><span style=\"color: #008080;\"><strong>7.<\/strong><\/span> Vjera, nada i ljubav odvra\u0107aju nas od svega i sjedinjuju nas sa Bogom samim. To su neizostavna i najbolja pomagala za molitvu.<\/p>\n<p><span style=\"color: #008080;\"><strong>8.<\/strong> <\/span>Tko bje\u017ei od molitve, bje\u017ei od svakog dobra. Nikada nemoj napustiti mislenu molitvu jer je ovo snaga du\u0161e. Ne brzaj u molitvi. Ne prepu\u0161taj se malodu\u0161nosti&#8230;nikada.<\/p>\n<p><span style=\"color: #008080;\"><strong>9.<\/strong> <\/span>U molitvi ne trebamo puno govoriti niti izmi\u0161ljati razne ceremonije ili tehnike. Dovoljno nam je ono \u0161to nas je nau\u010dio Isus Krist i to je ono \u0161to Otac uvijek slu\u0161a. Stoga budi jednostavan. Obzirom na molitve i druge pobo\u017enosti, neka se du\u0161e svojom voljom ne mare podavati ceremonijama ni na\u010dinima molitve koji se razlikuju od na\u010dina \u0161to nas u\u010di Isus Krist. O\u010dito, kad su ga njegovi u\u010denici pitali da ih nau\u010di moliti, on ih je nau\u010dio sve ono \u0161to je potrebno da budemo usli\u0161ani od Vje\u010dnog Oca, kao onaj koji mu dobro pozna ukus: a nau\u010dio ih je samo onih sedam pro\u0161nja O\u010dena\u0161a, u kojima su uklju\u010dene sve na\u0161e duhovne i vremenite potrebe, a nije im dao na dohvat mnoge druge rije\u010di ili ceremonije.<\/p>\n<p><span style=\"color: #008080;\"><strong>10.<\/strong> <\/span>Oni, dakle, koji su veoma aktivni i koji misle da \u0107e svojim propovijedima i vanjskim djelima obuhvatiti cijeli svijet, neka dobro razmisle da bi mnogo vi\u0161e koristili Crkvi i da bi Bogu postali mnogo miliji, a da i ne govorimo o dobrom primjeru koji bi time dali, kad bi upotrijebili barem polovicu svoga vremena da provedu s Bogom, sve da i nije njihova molitva toliko savr\u0161ena.<\/p>\n","protected":false},"excerpt":{"rendered":"<p>1. Uvijek imaj na umu da u svemu treba\u0161 slijediti stope Isusa Krista. Izgradi svoj \u017eivot na Njemu jedinom. On te ljubi. Uzljubi ga. 2. Koliko se vi\u0161e pouzdaje\u0161 u stvari koje te odvra\u0107aju od molitve, toliko \u0107e\u0161 manje imati pouzdanja u Boga; ne mo\u017ee\u0161 slu\u017eiti dvojici gospodara! 3. Otac izgovara samo jednu rije\u010d, to &hellip; <a href=\"https:\/\/karmel.hr\/?page_id=484\" class=\"more-link\">Nastavi \u010ditati <span class=\"screen-reader-text\">Deset savjeta kako moliti<\/span> <span class=\"meta-nav\">&rarr;<\/span><\/a><\/p>\n","protected":false},"author":1,"featured_media":1574,"parent":422,"menu_order":0,"comment_status":"open","ping_status":"open","template":"","meta":{"footnotes":""},"class_list":["post-484","page","type-page","status-publish","has-post-thumbnail","hentry"],"jetpack_sharing_enabled":true,"jetpack-related-posts":[],"_links":{"self":[{"href":"https:\/\/karmel.hr\/index.php?rest_route=\/wp\/v2\/pages\/484","targetHints":{"allow":["GET"]}}],"collection":[{"href":"https:\/\/karmel.hr\/index.php?rest_route=\/wp\/v2\/pages"}],"about":[{"href":"https:\/\/karmel.hr\/index.php?rest_route=\/wp\/v2\/types\/page"}],"author":[{"embeddable":true,"href":"https:\/\/karmel.hr\/index.php?rest_route=\/wp\/v2\/users\/1"}],"replies":[{"embeddable":true,"href":"https:\/\/karmel.hr\/index.php?rest_route=%2Fwp%2Fv2%2Fcomments&post=484"}],"version-history":[{"count":4,"href":"https:\/\/karmel.hr\/index.php?rest_route=\/wp\/v2\/pages\/484\/revisions"}],"predecessor-version":[{"id":1575,"href":"https:\/\/karmel.hr\/index.php?rest_route=\/wp\/v2\/pages\/484\/revisions\/1575"}],"up":[{"embeddable":true,"href":"https:\/\/karmel.hr\/index.php?rest_route=\/wp\/v2\/pages\/422"}],"wp:featuredmedia":[{"embeddable":true,"href":"https:\/\/karmel.hr\/index.php?rest_route=\/wp\/v2\/media\/1574"}],"wp:attachment":[{"href":"https:\/\/karmel.hr\/index.php?rest_route=%2Fwp%2Fv2%2Fmedia&parent=484"}],"curies":[{"name":"wp","href":"https:\/\/api.w.org\/{rel}","templated":true}]}}