{"id":5,"date":"2014-10-01T11:31:52","date_gmt":"2014-10-01T11:31:52","guid":{"rendered":"http:\/\/zamakdushe.tk\/?page_id=2"},"modified":"2025-05-02T18:50:37","modified_gmt":"2025-05-02T16:50:37","slug":"about","status":"publish","type":"page","link":"https:\/\/karmel.hr\/?page_id=5","title":{"rendered":"KONTAKTI"},"content":{"rendered":"<h5><b>Provincijal<\/b><\/h5>\n<p><span style=\"font-weight: 400;\">o. Vinko Mami\u0107, \u010cesmi\u010dkog 1, 10000 Zagreb, HR; tel. +385 1 4500500, +385 1 4580722; fax. +385 1 4580953; <a class=\"o_h J_x mq_CZ G_e r_P C_Z29WjXl S4_U ac_CI rtlI_dz_sSg\" title=\"vinkomamic@hotmail.com\" data-test-id=\"contact-card-email\">vinkomamic@hotmail.com<\/a><\/span><\/p>\n<h5><b>Provincijalni savjetnici<\/b><\/h5>\n<p>o. Ivan Ple\u0161e<\/p>\n<p>o. Franjo Podgorelec<\/p>\n<p>o. Zvonko Marti\u0107<\/p>\n<p>o. Dominik Magdaleni\u0107<\/p>\n<h5><b style=\"font-size: 18px;\">Provincijalni tajnik<\/b><\/h5>\n<p><span style=\"font-weight: 400;\">o. Dario Toki\u0107 &#8211; <a href=\"mailto:karmelicanihr@gmail.com\">karmelicanihr@gmail.com<\/a><\/span><\/p>\n<h5><b>Provincijalni ekonom<\/b><\/h5>\n<p>o. <span style=\"font-weight: 400;\">Dario Toki\u0107<\/span><\/p>\n<h5><strong>Provincijalni povjerenik za zvanja<\/strong><\/h5>\n<p>o. Jakov Mili\u0107 &#8211; slobodno mu se obratite za sva pitanja vezano uz poziv i razlu\u010divanje<\/p>\n<p style=\"font-weight: 400;\">Instagram: br.jakov<\/p>\n<p style=\"font-weight: 400;\">Facebook: brat Jakov od Kri\u017ea<\/p>\n<p style=\"font-weight: 400;\">E-mail: milic.jakov@gmail.com<\/p>\n<h5><b>Urednik stranice<\/b><\/h5>\n<p><span style=\"font-weight: 400;\">o. Jakov Kuhari\u0107 &#8211;\u00a0<\/span><a href=\"mailto:jkuharic@yahoo.com\"><span style=\"font-weight: 400;\">jkuharic@yahoo.com<\/span><\/a><\/p>\n","protected":false},"excerpt":{"rendered":"<p>Provincijal o. Vinko Mami\u0107, \u010cesmi\u010dkog 1, 10000 Zagreb, HR; tel. +385 1 4500500, +385 1 4580722; fax. +385 1 4580953; vinkomamic@hotmail.com Provincijalni savjetnici o. Ivan Ple\u0161e o. Franjo Podgorelec o. Zvonko Marti\u0107 o. Dominik Magdaleni\u0107 Provincijalni tajnik o. Dario Toki\u0107 &#8211; karmelicanihr@gmail.com Provincijalni ekonom o. Dario Toki\u0107 Provincijalni povjerenik za zvanja o. Jakov Mili\u0107 &#8211; &hellip; <a href=\"https:\/\/karmel.hr\/?page_id=5\" class=\"more-link\">Nastavi \u010ditati <span class=\"screen-reader-text\">KONTAKTI<\/span> <span class=\"meta-nav\">&rarr;<\/span><\/a><\/p>\n","protected":false},"author":1,"featured_media":764,"parent":0,"menu_order":0,"comment_status":"closed","ping_status":"closed","template":"","meta":{"footnotes":""},"class_list":["post-5","page","type-page","status-publish","has-post-thumbnail","hentry"],"jetpack_sharing_enabled":true,"jetpack-related-posts":[],"_links":{"self":[{"href":"https:\/\/karmel.hr\/index.php?rest_route=\/wp\/v2\/pages\/5","targetHints":{"allow":["GET"]}}],"collection":[{"href":"https:\/\/karmel.hr\/index.php?rest_route=\/wp\/v2\/pages"}],"about":[{"href":"https:\/\/karmel.hr\/index.php?rest_route=\/wp\/v2\/types\/page"}],"author":[{"embeddable":true,"href":"https:\/\/karmel.hr\/index.php?rest_route=\/wp\/v2\/users\/1"}],"replies":[{"embeddable":true,"href":"https:\/\/karmel.hr\/index.php?rest_route=%2Fwp%2Fv2%2Fcomments&post=5"}],"version-history":[{"count":18,"href":"https:\/\/karmel.hr\/index.php?rest_route=\/wp\/v2\/pages\/5\/revisions"}],"predecessor-version":[{"id":22353,"href":"https:\/\/karmel.hr\/index.php?rest_route=\/wp\/v2\/pages\/5\/revisions\/22353"}],"wp:featuredmedia":[{"embeddable":true,"href":"https:\/\/karmel.hr\/index.php?rest_route=\/wp\/v2\/media\/764"}],"wp:attachment":[{"href":"https:\/\/karmel.hr\/index.php?rest_route=%2Fwp%2Fv2%2Fmedia&parent=5"}],"curies":[{"name":"wp","href":"https:\/\/api.w.org\/{rel}","templated":true}]}}