{"id":9,"date":"2014-10-01T12:14:01","date_gmt":"2014-10-01T12:14:01","guid":{"rendered":"http:\/\/zamakdushe.tk\/?page_id=9"},"modified":"2015-01-19T14:06:27","modified_gmt":"2015-01-19T14:06:27","slug":"karmel-u-svijetu","status":"publish","type":"page","link":"https:\/\/karmel.hr\/?page_id=9","title":{"rendered":"KARMELSKA OBITELJ"},"content":{"rendered":"<h5><a title=\"\u017denski samostani\" href=\"https:\/\/karmel.hr\/?page_id=76\"><img loading=\"lazy\" decoding=\"async\" class=\"alignleft size-full wp-image-396\" src=\"https:\/\/karmel.hr\/wp-content\/uploads\/2014\/10\/7.png\" alt=\"7\" width=\"181\" height=\"180\" srcset=\"https:\/\/karmel.hr\/wp-content\/uploads\/2014\/10\/7.png 181w, https:\/\/karmel.hr\/wp-content\/uploads\/2014\/10\/7-150x150.png 150w\" sizes=\"auto, (max-width: 181px) 100vw, 181px\" \/>\u017dENSKI SAMOSTANI<\/a><\/h5>\n<p>&nbsp;<\/p>\n<p>&nbsp;<\/p>\n<p>&nbsp;<\/p>\n<p>&nbsp;<\/p>\n<h5><a title=\"Mu\u0161ki samostani\" href=\"https:\/\/karmel.hr\/?page_id=74\"><span style=\"color: #993300;\"><img loading=\"lazy\" decoding=\"async\" class=\"alignleft size-full wp-image-395\" src=\"https:\/\/karmel.hr\/wp-content\/uploads\/2014\/10\/6.png\" alt=\"6\" width=\"179\" height=\"179\" srcset=\"https:\/\/karmel.hr\/wp-content\/uploads\/2014\/10\/6.png 179w, https:\/\/karmel.hr\/wp-content\/uploads\/2014\/10\/6-150x150.png 150w\" sizes=\"auto, (max-width: 179px) 100vw, 179px\" \/><\/span>MU\u0160KI SAMOSTANI<\/a><\/h5>\n<p>&nbsp;<\/p>\n<p>&nbsp;<\/p>\n<p>&nbsp;<\/p>\n<p>&nbsp;<\/p>\n<h5><a title=\"Karmeli\u0107anke BSI\" href=\"https:\/\/karmel.hr\/?page_id=90\"><img loading=\"lazy\" decoding=\"async\" class=\"alignleft size-full wp-image-396\" src=\"https:\/\/karmel.hr\/wp-content\/uploads\/2014\/10\/7.png\" alt=\"7\" width=\"181\" height=\"180\" srcset=\"https:\/\/karmel.hr\/wp-content\/uploads\/2014\/10\/7.png 181w, https:\/\/karmel.hr\/wp-content\/uploads\/2014\/10\/7-150x150.png 150w\" sizes=\"auto, (max-width: 181px) 100vw, 181px\" \/>KARMELI\u0106ANKE BSI<\/a><\/h5>\n<p>&nbsp;<\/p>\n<p>&nbsp;<\/p>\n<p>&nbsp;<\/p>\n<p>&nbsp;<\/p>\n<h5><a title=\"Karmelski svjetovni red\" href=\"https:\/\/karmel.hr\/?page_id=94\"><img loading=\"lazy\" decoding=\"async\" class=\"alignleft size-full wp-image-397\" src=\"https:\/\/karmel.hr\/wp-content\/uploads\/2014\/10\/8.png\" alt=\"8\" width=\"181\" height=\"180\" srcset=\"https:\/\/karmel.hr\/wp-content\/uploads\/2014\/10\/8.png 181w, https:\/\/karmel.hr\/wp-content\/uploads\/2014\/10\/8-150x150.png 150w\" sizes=\"auto, (max-width: 181px) 100vw, 181px\" \/>KARMELSKI SVJETOVNI RED<\/a><\/h5>\n<p>&nbsp;<\/p>\n<p>&nbsp;<\/p>\n<p>&nbsp;<\/p>\n<p>&nbsp;<\/p>\n<h5><a href=\"https:\/\/karmel.hr\/?page_id=92\"><img loading=\"lazy\" decoding=\"async\" class=\"alignleft size-full wp-image-396\" src=\"https:\/\/karmel.hr\/wp-content\/uploads\/2014\/10\/7.png\" alt=\"7\" width=\"181\" height=\"180\" srcset=\"https:\/\/karmel.hr\/wp-content\/uploads\/2014\/10\/7.png 181w, https:\/\/karmel.hr\/wp-content\/uploads\/2014\/10\/7-150x150.png 150w\" sizes=\"auto, (max-width: 181px) 100vw, 181px\" \/><\/a><a title=\"Bliski samostani\" href=\"https:\/\/karmel.hr\/?page_id=92\">BLISKI SAMOSTANI<\/a><\/h5>\n","protected":false},"excerpt":{"rendered":"<p>\u017dENSKI SAMOSTANI &nbsp; &nbsp; &nbsp; &nbsp; MU\u0160KI SAMOSTANI &nbsp; &nbsp; &nbsp; &nbsp; KARMELI\u0106ANKE BSI &nbsp; &nbsp; &nbsp; &nbsp; KARMELSKI SVJETOVNI RED &nbsp; &nbsp; &nbsp; &nbsp; BLISKI SAMOSTANI<\/p>\n","protected":false},"author":1,"featured_media":1026,"parent":0,"menu_order":0,"comment_status":"open","ping_status":"closed","template":"","meta":{"footnotes":""},"class_list":["post-9","page","type-page","status-publish","has-post-thumbnail","hentry"],"jetpack_sharing_enabled":true,"jetpack-related-posts":[],"_links":{"self":[{"href":"https:\/\/karmel.hr\/index.php?rest_route=\/wp\/v2\/pages\/9","targetHints":{"allow":["GET"]}}],"collection":[{"href":"https:\/\/karmel.hr\/index.php?rest_route=\/wp\/v2\/pages"}],"about":[{"href":"https:\/\/karmel.hr\/index.php?rest_route=\/wp\/v2\/types\/page"}],"author":[{"embeddable":true,"href":"https:\/\/karmel.hr\/index.php?rest_route=\/wp\/v2\/users\/1"}],"replies":[{"embeddable":true,"href":"https:\/\/karmel.hr\/index.php?rest_route=%2Fwp%2Fv2%2Fcomments&post=9"}],"version-history":[{"count":8,"href":"https:\/\/karmel.hr\/index.php?rest_route=\/wp\/v2\/pages\/9\/revisions"}],"predecessor-version":[{"id":770,"href":"https:\/\/karmel.hr\/index.php?rest_route=\/wp\/v2\/pages\/9\/revisions\/770"}],"wp:featuredmedia":[{"embeddable":true,"href":"https:\/\/karmel.hr\/index.php?rest_route=\/wp\/v2\/media\/1026"}],"wp:attachment":[{"href":"https:\/\/karmel.hr\/index.php?rest_route=%2Fwp%2Fv2%2Fmedia&parent=9"}],"curies":[{"name":"wp","href":"https:\/\/api.w.org\/{rel}","templated":true}]}}